{"id":1330,"date":"2023-08-01T12:11:22","date_gmt":"2023-08-01T12:11:22","guid":{"rendered":"https:\/\/norgtech-int.com\/?page_id=1330"},"modified":"2025-02-13T13:20:55","modified_gmt":"2025-02-13T13:20:55","slug":"cyfrowa-kontrola-napiecia","status":"publish","type":"page","link":"https:\/\/norgtech-int.com\/pl\/cyfrowa-kontrola-napiecia\/","title":{"rendered":"Cyfrowa kontrola napi\u0119cia"},"content":{"rendered":"<div class=\"wpb-content-wrapper\"><p>[vc_row full_width=&#8221;stretch_row&#8221; equal_height=&#8221;yes&#8221; content_placement=&#8221;middle&#8221; css=&#8221;.vc_custom_1675685467009{margin-top: 0px !important;padding-top: 0px !important;padding-bottom: 0px !important;}&#8221;][vc_column width=&#8221;1\/2&#8243; css=&#8221;.vc_custom_1675685369503{margin-top: 0px !important;padding-top: 22px !important;padding-right: 35px !important;padding-bottom: 22px !important;padding-left: 30px !important;}&#8221;][vc_separator color=&#8221;custom&#8221; align=&#8221;align_left&#8221; css=&#8221;.vc_custom_1675686882984{margin-bottom: 0px !important;padding-top: 0px !important;padding-bottom: 0px !important;}&#8221; accent_color=&#8221;#1f84c9&#8243;][vc_column_text css=&#8221;.vc_custom_1679570785066{margin-bottom: 25px !important;padding-top: 30px !important;}&#8221; el_class=&#8221;hash4&#8243;]<\/p>\n<h4 style=\"text-align: left;\">Modernizacja<\/h4>\n<p>[\/vc_column_text][vc_column_text css=&#8221;.vc_custom_1687249351535{margin-top: 0px !important;margin-bottom: 20px !important;padding-top: 0px !important;padding-bottom: 0px !important;}&#8221;]Modernizacja urz\u0105dze\u0144 wykorzystuj\u0105cych energi\u0119 odnawialn\u0105, takich jak turbiny wiatrowe i panele s\u0142oneczne, mo\u017ce przynie\u015b\u0107 znaczne korzy\u015bci, kt\u00f3re z pewno\u015bci\u0105 poprawi\u0105 og\u00f3ln\u0105 wydajno\u015b\u0107 Twoich operacji. Modernizuj\u0105c starszy sprz\u0119t, mo\u017cna zwi\u0119kszy\u0107 produkcj\u0119 energii, obni\u017cy\u0107 koszty konserwacji i wyd\u0142u\u017cy\u0107 \u017cywotno\u015b\u0107 sprz\u0119tu.<\/p>\n<p>Us\u0142ugi modernizacyjne Norg Tech International mog\u0105 pom\u00f3c Ci wyprzedzi\u0107 konkurencj\u0119 i sprosta\u0107 zmieniaj\u0105cym si\u0119 wymaganiom. Dbamy o to, aby\u015b m\u00f3g\u0142 natychmiast skorzysta\u0107 z najnowszych osi\u0105gni\u0119\u0107 technologicznych. Inwestuj\u0105c w nasze us\u0142ugi modernizacyjne, mo\u017cesz mie\u0107 pewno\u015b\u0107, \u017ce Tw\u00f3j sprz\u0119t dzia\u0142a najlepiej, kiedy aksymalizujesz jego wydajno\u015b\u0107.[\/vc_column_text]<style type=\"text\/css\" data-type=\"the7_shortcodes-inline-css\">#default-btn-c99a5e4d6cec72080bedaf3dcb05dc1f.ico-right-side > i {\n  margin-right: 0px;\n  margin-left: 8px;\n}\n#default-btn-c99a5e4d6cec72080bedaf3dcb05dc1f > i {\n  margin-right: 8px;\n}\n<\/style><a href=\"\/pl\/kontakt\/\" class=\"default-btn-shortcode dt-btn dt-btn-s link-hover-off btn-inline-left  vc_custom_1679583682076\" id=\"default-btn-c99a5e4d6cec72080bedaf3dcb05dc1f\"><span>Skontaktuj si\u0119 z nami<\/span><\/a>[\/vc_column][vc_column width=&#8221;1\/2&#8243; css=&#8221;.vc_custom_1690551559745{padding-top: 30px !important;padding-right: 15% !important;padding-bottom: 10px !important;padding-left: 15% !important;background-image: url(https:\/\/norgtech-int.com\/wp-content\/uploads\/2023\/07\/Smart-Tensioning-System2.jpg?id=1243) !important;background-position: center !important;background-repeat: no-repeat !important;background-size: cover !important;}&#8221; el_class=&#8221;bgima&#8221;][\/vc_column][\/vc_row][vc_row full_width=&#8221;stretch_row&#8221; equal_height=&#8221;yes&#8221; content_placement=&#8221;middle&#8221; css=&#8221;.vc_custom_1675684241900{padding-top: 0px !important;padding-bottom: 0px !important;}&#8221;][vc_column width=&#8221;1\/2&#8243; css=&#8221;.vc_custom_1675685383993{padding-top: 22px !important;padding-right: 35px !important;padding-bottom: 22px !important;padding-left: 35px !important;}&#8221; el_class=&#8221;vc_col-sm-push-6&#8243;][vc_separator color=&#8221;custom&#8221; align=&#8221;align_left&#8221; css=&#8221;.vc_custom_1675686882984{margin-bottom: 0px !important;padding-top: 0px !important;padding-bottom: 0px !important;}&#8221; accent_color=&#8221;#1f84c9&#8243;][vc_column_text css=&#8221;.vc_custom_1679570875463{margin-bottom: 25px !important;padding-top: 30px !important;}&#8221; el_class=&#8221;hash4&#8243;]<\/p>\n<h4 style=\"text-align: left;\">Osi\u0105ganie cel\u00f3w w zakresie energii odnawialnej<\/h4>\n<p>[\/vc_column_text][vc_column_text css=&#8221;.vc_custom_1687249568698{margin-top: 0px !important;margin-bottom: 20px !important;padding-top: 0px !important;padding-bottom: 0px !important;}&#8221;]Przej\u015bcie na energi\u0119 odnawialn\u0105 wi\u0105\u017ce si\u0119 z licznymi wyzwaniami, ale te\u017c korzy\u015bciami. Zaspokajasz rosn\u0105ce zapotrzebowanie na energi\u0119, zmieniasz dynamik\u0119 geopolityczn\u0105, zmniejszasz emisj\u0119 dwutlenku w\u0119gla i zapewniasz efektywno\u015b\u0107 operacji.<\/p>\n<p>Zapotrzebowanie na urz\u0105dzenia wykorzystuj\u0105ce odnawialne \u017ar\u00f3d\u0142a energii ro\u015bnie.<\/p>\n<p>Pomimo tych wyzwa\u0144 inwestowanie w energi\u0119 odnawialn\u0105 ma kluczowe znaczenie dla zr\u00f3wnowa\u017conej przysz\u0142o\u015bci, a modernizacja starszych urz\u0105dze\u0144 wykorzystuj\u0105cych odnawialne \u017ar\u00f3d\u0142a energii w celu poprawy ich wydajno\u015bci i efektywno\u015bci jest jednym z najlepszych i najbardziej ekonomicznych rozwi\u0105za\u0144.[\/vc_column_text][\/vc_column][vc_column width=&#8221;1\/2&#8243; css=&#8221;.vc_custom_1690551638929{background-image: url(https:\/\/norgtech-int.com\/wp-content\/uploads\/2023\/07\/219fb2d3-3341-45b1-87e9-135fe2bd79232.jpg?id=1246) !important;background-position: center !important;background-repeat: no-repeat !important;background-size: cover !important;}&#8221; el_class=&#8221;vc_col-sm-pull-6 bgima&#8221;][\/vc_column][\/vc_row][vc_row full_width=&#8221;stretch_row&#8221; equal_height=&#8221;yes&#8221; content_placement=&#8221;middle&#8221; css=&#8221;.vc_custom_1675684377252{padding-top: 0px !important;padding-bottom: 0px !important;}&#8221;][vc_column width=&#8221;1\/2&#8243; css=&#8221;.vc_custom_1675685297817{margin-top: 0px !important;padding-top: 22px !important;padding-right: 35px !important;padding-bottom: 22px !important;padding-left: 25px !important;}&#8221;][vc_separator color=&#8221;custom&#8221; align=&#8221;align_left&#8221; css=&#8221;.vc_custom_1675686882984{margin-bottom: 0px !important;padding-top: 0px !important;padding-bottom: 0px !important;}&#8221; accent_color=&#8221;#1f84c9&#8243;][vc_column_text css=&#8221;.vc_custom_1679570971422{margin-bottom: 25px !important;padding-top: 30px !important;}&#8221; el_class=&#8221;hash4&#8243;]<\/p>\n<h4 style=\"text-align: left;\">Modernizacja zapewniaj\u0105ca maksymaln\u0105 wydajno\u015b\u0107<\/h4>\n<p>[\/vc_column_text][vc_column_text css=&#8221;.vc_custom_1687249619726{margin-top: 0px !important;margin-bottom: 20px !important;padding-top: 0px !important;padding-bottom: 0px !important;}&#8221;]Modernizacja jest zatem kluczowym krokiem w zapewnieniu d\u0142ugowieczno\u015bci i wydajno\u015bci urz\u0105dze\u0144 wykorzystuj\u0105cych odnawialne \u017ar\u00f3d\u0142a energii. Wraz z post\u0119pem technologicznym i zwi\u0119kszonym zapotrzebowaniem na zr\u00f3wnowa\u017cone \u017ar\u00f3d\u0142a energii, starsze urz\u0105dzenia mog\u0105 szybko sta\u0107 si\u0119 przestarza\u0142e. Modernizacja pozwala na instalacj\u0119 zaktualizowanych komponent\u00f3w i system\u00f3w. Poprawia wydajno\u015b\u0107 i niezawodno\u015b\u0107 sprz\u0119tu.<\/p>\n<p>Pomo\u017ce to r\u00f3wnie\u017c zmniejszy\u0107 ryzyko awarii sprz\u0119tu i przestoj\u00f3w. Przyczynia si\u0119 to do stabilno\u015bci i sprawia, \u017ce produkcja energii jest bardziej przewidywalna. Ponadto mo\u017ce pom\u00f3c obni\u017cy\u0107 koszty operacyjne, zmniejszy\u0107 wymagania konserwacyjne i zwi\u0119kszy\u0107 efektywno\u015b\u0107 energetyczn\u0105. Inwestuj\u0105c w modernizacj\u0119, mo\u017cesz wyprzedzi\u0107 krzyw\u0105 swoich cel\u00f3w, korzystaj\u0105c z najnowszych osi\u0105gni\u0119\u0107 technologicznych.[\/vc_column_text][\/vc_column][vc_column width=&#8221;1\/2&#8243; css=&#8221;.vc_custom_1690551823556{background-image: url(https:\/\/norgtech-int.com\/wp-content\/uploads\/2023\/07\/Atlas_Copco_Smart_Tensioning_System_2-scaled2.jpg?id=1251) !important;background-position: center !important;background-repeat: no-repeat !important;background-size: cover !important;}&#8221; el_class=&#8221;bgima&#8221;][\/vc_column][\/vc_row][vc_row full_width=&#8221;stretch_row&#8221; equal_height=&#8221;yes&#8221; content_placement=&#8221;middle&#8221; css=&#8221;.vc_custom_1675684241900{padding-top: 0px !important;padding-bottom: 0px !important;}&#8221;][vc_column width=&#8221;1\/2&#8243; css=&#8221;.vc_custom_1675685383993{padding-top: 22px !important;padding-right: 35px !important;padding-bottom: 22px !important;padding-left: 35px !important;}&#8221; el_class=&#8221;vc_col-sm-push-6&#8243;][vc_separator color=&#8221;custom&#8221; align=&#8221;align_left&#8221; css=&#8221;.vc_custom_1675686882984{margin-bottom: 0px !important;padding-top: 0px !important;padding-bottom: 0px !important;}&#8221; accent_color=&#8221;#1f84c9&#8243;][vc_column_text css=&#8221;.vc_custom_1679571273643{margin-bottom: 25px !important;padding-top: 30px !important;}&#8221; el_class=&#8221;hash4&#8243;]<\/p>\n<h4 style=\"text-align: left;\">Dlaczego warto wybra\u0107 Norg Tech International?<\/h4>\n<p>[\/vc_column_text][vc_column_text css=&#8221;.vc_custom_1739452852042{margin-top: 0px !important;margin-bottom: 20px !important;padding-top: 0px !important;padding-bottom: 0px !important;}&#8221;]Wyb\u00f3r Norg Tech International jako partnera w zakresie us\u0142ug serwisowych turbin wiatrowych pomaga zapewni\u0107 bezproblemowy i udany proces modernizacji.<\/p>\n<p>Dzi\u0119ki naszym us\u0142ugom mo\u017cesz korzysta\u0107 z szerokiej gamy korzy\u015bci. Nasi w pe\u0142ni certyfikowani i do\u015bwiadczeni Technicy wykorzystuj\u0105 najnowsze technologie, aby zapewni\u0107 bezproblemow\u0105 aktualizacj\u0119. Ponadto nasze niestandardowe rozwi\u0105zania s\u0105 w pe\u0142ni dostosowane do konkretnych potrzeb.<\/p>\n<p>Oferujemy minimalne przestoje, aby zminimalizowa\u0107 wp\u0142yw na produkcj\u0119 energii i obni\u017cy\u0107 koszty operacyjne. Wreszcie, nasza zwi\u0119kszona efektywno\u015b\u0107 energetyczna i mniejsze wymagania konserwacyjne sprawiaj\u0105, \u017ce nasze rozwi\u0105zania modernizacyjne nie maj\u0105 sobie r\u00f3wnych.[\/vc_column_text][\/vc_column][vc_column width=&#8221;1\/2&#8243; css=&#8221;.vc_custom_1690552315173{background-image: url(https:\/\/norgtech-int.com\/wp-content\/uploads\/2023\/07\/IMG_8935.jpeg?id=1262) !important;background-position: center !important;background-repeat: no-repeat !important;background-size: cover !important;}&#8221; el_class=&#8221;vc_col-sm-pull-6 bgima&#8221;][\/vc_column][\/vc_row][vc_row full_width=&#8221;stretch_row&#8221; equal_height=&#8221;yes&#8221; content_placement=&#8221;middle&#8221; css=&#8221;.vc_custom_1675684377252{padding-top: 0px !important;padding-bottom: 0px !important;}&#8221;][vc_column width=&#8221;1\/2&#8243; css=&#8221;.vc_custom_1675685297817{margin-top: 0px !important;padding-top: 22px !important;padding-right: 35px !important;padding-bottom: 22px !important;padding-left: 25px !important;}&#8221;][vc_separator color=&#8221;custom&#8221; align=&#8221;align_left&#8221; css=&#8221;.vc_custom_1675686882984{margin-bottom: 0px !important;padding-top: 0px !important;padding-bottom: 0px !important;}&#8221; accent_color=&#8221;#1f84c9&#8243;][vc_column_text css=&#8221;.vc_custom_1679571342906{margin-bottom: 25px !important;padding-top: 30px !important;}&#8221; el_class=&#8221;hash4&#8243;]<\/p>\n<h4 style=\"text-align: left;\">Skontaktuj si\u0119 z nami!<\/h4>\n<p>[\/vc_column_text][vc_column_text css=&#8221;.vc_custom_1679571378866{margin-top: 0px !important;margin-bottom: 20px !important;padding-top: 0px !important;padding-bottom: 0px !important;}&#8221;]Wybierz Norg Tech International, aby spe\u0142ni\u0107 wszystkie swoje potrzeby w zakresie modernizacji. Nasz zesp\u00f3\u0142 ekspert\u00f3w oferuje indywidualne rozwi\u0105zania, wsparcie ekspert\u00f3w i wiedz\u0119 na temat najnowszych osi\u0105gni\u0119\u0107 technologicznych. Zapewni\u0105 one bezproblemowy i udany proces modernizacji.<\/p>\n<p>Do\u015bwiadcz korzy\u015bci p\u0142yn\u0105cych z modernizacji sprz\u0119tu i przenie\u015b swoje operacje zwi\u0105zane z energi\u0105 odnawialn\u0105 na wy\u017cszy poziom dzi\u0119ki Norg Tech International. Skontaktuj si\u0119 z nami ju\u017c dzi\u015b, aby dowiedzie\u0107 si\u0119 wi\u0119cej.[\/vc_column_text]<style type=\"text\/css\" data-type=\"the7_shortcodes-inline-css\">#default-btn-a33c776fea4f40cf8acc48f14fb9f4a0.ico-right-side > i {\n  margin-right: 0px;\n  margin-left: 8px;\n}\n#default-btn-a33c776fea4f40cf8acc48f14fb9f4a0 > i {\n  margin-right: 8px;\n}\n<\/style><a href=\"\/pl\/kontakt\/\" class=\"default-btn-shortcode dt-btn dt-btn-s link-hover-off btn-inline-left  vc_custom_1679583691003\" id=\"default-btn-a33c776fea4f40cf8acc48f14fb9f4a0\"><span>Skontaktuj si\u0119 z nami<\/span><\/a>[\/vc_column][vc_column width=&#8221;1\/2&#8243; css=&#8221;.vc_custom_1690552397802{background-image: url(https:\/\/norgtech-int.com\/wp-content\/uploads\/2023\/07\/13.jpeg?id=1265) !important;background-position: center !important;background-repeat: no-repeat !important;background-size: cover !important;}&#8221; el_class=&#8221;bgima&#8221;][\/vc_column][\/vc_row]<\/p>\n<\/div>","protected":false},"excerpt":{"rendered":"<p>[vc_row full_width=&#8221;stretch_row&#8221; equal_height=&#8221;yes&#8221; content_placement=&#8221;middle&#8221; css=&#8221;.vc_custom_1675685467009{margin-top: 0px !important;padding-top: 0px !important;padding-bottom: 0px !important;}&#8221;][vc_column width=&#8221;1\/2&#8243; css=&#8221;.vc_custom_1675685369503{margin-top: 0px !important;padding-top: 22px !important;padding-right: 35px !important;padding-bottom: 22px !important;padding-left: 30px !important;}&#8221;][vc_separator color=&#8221;custom&#8221; align=&#8221;align_left&#8221; css=&#8221;.vc_custom_1675686882984{margin-bottom: 0px !important;padding-top: 0px !important;padding-bottom: 0px !important;}&#8221; accent_color=&#8221;#1f84c9&#8243;][vc_column_text css=&#8221;.vc_custom_1679570785066{margin-bottom: 25px !important;padding-top: 30px !important;}&#8221; el_class=&#8221;hash4&#8243;] Modernizacja [\/vc_column_text][vc_column_text css=&#8221;.vc_custom_1687249351535{margin-top: 0px !important;margin-bottom: 20px !important;padding-top: 0px !important;padding-bottom: 0px !important;}&#8221;]Modernizacja urz\u0105dze\u0144 wykorzystuj\u0105cych energi\u0119 odnawialn\u0105, takich&hellip;<\/p>\n","protected":false},"author":3,"featured_media":0,"parent":0,"menu_order":0,"comment_status":"closed","ping_status":"open","template":"","meta":{"footnotes":""},"class_list":["post-1330","page","type-page","status-publish","hentry","description-off"],"_links":{"self":[{"href":"https:\/\/norgtech-int.com\/pl\/wp-json\/wp\/v2\/pages\/1330","targetHints":{"allow":["GET"]}}],"collection":[{"href":"https:\/\/norgtech-int.com\/pl\/wp-json\/wp\/v2\/pages"}],"about":[{"href":"https:\/\/norgtech-int.com\/pl\/wp-json\/wp\/v2\/types\/page"}],"author":[{"embeddable":true,"href":"https:\/\/norgtech-int.com\/pl\/wp-json\/wp\/v2\/users\/3"}],"replies":[{"embeddable":true,"href":"https:\/\/norgtech-int.com\/pl\/wp-json\/wp\/v2\/comments?post=1330"}],"version-history":[{"count":3,"href":"https:\/\/norgtech-int.com\/pl\/wp-json\/wp\/v2\/pages\/1330\/revisions"}],"predecessor-version":[{"id":1765,"href":"https:\/\/norgtech-int.com\/pl\/wp-json\/wp\/v2\/pages\/1330\/revisions\/1765"}],"wp:attachment":[{"href":"https:\/\/norgtech-int.com\/pl\/wp-json\/wp\/v2\/media?parent=1330"}],"curies":[{"name":"wp","href":"https:\/\/api.w.org\/{rel}","templated":true}]}}