{"id":761,"date":"2023-01-20T07:38:06","date_gmt":"2023-01-20T07:38:06","guid":{"rendered":"https:\/\/norgtech-int.com\/home\/"},"modified":"2025-10-23T19:33:07","modified_gmt":"2025-10-23T19:33:07","slug":"home","status":"publish","type":"page","link":"https:\/\/norgtech-int.com\/pl\/","title":{"rendered":"Home PL"},"content":{"rendered":"<div class=\"wpb-content-wrapper\"><p>[vc_row full_width=&#8221;stretch_row&#8221; css=&#8221;.vc_custom_1761247972039{margin-top: -40px !important;padding-top: 0px !important;padding-bottom: 30px !important;background-color: #eaf3f9 !important;}&#8221;][vc_column width=&#8221;1\/6&#8243; css=&#8221;.vc_custom_1668674449168{padding-right: 20px !important;padding-left: 20px !important;}&#8221;][\/vc_column][vc_column width=&#8221;2\/3&#8243;][vc_column_text css=&#8221;.vc_custom_1679589269229{padding-bottom: 5px !important;}&#8221; el_class=&#8221;hash2&#8243;]<\/p>\n<h2 style=\"text-align: center;\">Energia to przysz\u0142o\u015b\u0107 &#8211; spraw, by by\u0142a genialna<\/h2>\n<p>[\/vc_column_text][vc_column_text]\r\n    <div>        \r\n    <video id=\"plyr69e4c813d2bc6\" loop data-poster=\"https:\/\/norgtech-int.com\/wp-content\/uploads\/video\/Norg-Tech-prezentacja3.jpg\" controls>\r\n       <source src=\"https:\/\/norgtech-int.com\/wp-content\/uploads\/video\/Norg-Tech-prezentacja.mp4\" type=\"video\/mp4\" \/>\r\n    <\/video>\r\n    <\/div>    <script>\r\n        const evplayerplyr69e4c813d2bc6 = new Plyr(document.getElementById('plyr69e4c813d2bc6'));\r\n        evplayerplyr69e4c813d2bc6.ratio = '16:9';\r\n        evplayerplyr69e4c813d2bc6.iconUrl = 'https:\/\/norgtech-int.com\/wp-content\/plugins\/easy-video-player\/lib\/plyr.svg';\r\n        evplayerplyr69e4c813d2bc6.blankVideo = 'https:\/\/norgtech-int.com\/wp-content\/plugins\/easy-video-player\/lib\/blank.mp4';  \r\n    <\/script>[\/vc_column_text][\/vc_column][vc_column width=&#8221;1\/6&#8243;][\/vc_column][\/vc_row][vc_row css=&#8221;.vc_custom_1675538223431{padding-top: 20px !important;padding-bottom: 20px !important;}&#8221;][vc_column css=&#8221;.vc_custom_1668674449168{padding-right: 20px !important;padding-left: 20px !important;}&#8221;][vc_column_text css=&#8221;.vc_custom_1677853542383{margin-top: -30px !important;margin-bottom: 20px !important;}&#8221; el_class=&#8221;hash4&#8243;]<\/p>\n<h4 style=\"text-align: center;\">O nas<\/h4>\n<p>[\/vc_column_text][vc_column_text css=&#8221;.vc_custom_1690551123528{padding-bottom: 5px !important;}&#8221; el_class=&#8221;hash2&#8243;]<\/p>\n<h2 style=\"text-align: center;\">Us\u0142ugi serwisowe dla sektora energetyki wiatrowej<\/h2>\n<p>[\/vc_column_text][\/vc_column][\/vc_row][vc_row content_placement=&#8221;middle&#8221; css=&#8221;.vc_custom_1675538216956{padding-top: 0px !important;padding-bottom: 60px !important;}&#8221;][vc_column width=&#8221;1\/2&#8243; css=&#8221;.vc_custom_1675538259240{margin-top: 0px !important;border-right-width: 1px !important;padding-top: 0px !important;padding-right: 10% !important;padding-bottom: 0px !important;padding-left: 10% !important;border-right-color: #e4eef5 !important;border-right-style: solid !important;}&#8221;][vc_column_text css=&#8221;.vc_custom_1679117664328{margin-top: 0px !important;padding-top: 0px !important;}&#8221;]<strong>Od 2022 roku NorgTech International realizuje koncepcj\u0119 Service-Plus dla sektora energii odnawialnej<\/strong>, oferuj\u0105c przysz\u0142o\u015bciowe innowacje maj\u0105ce pozytywny wp\u0142yw na planet\u0119.<\/p>\n<p>Nasz zesp\u00f3\u0142 to pasjonaci technologii wiatrowych i innych odnawialnych \u017ar\u00f3de\u0142 energii. Pracujemy niestrudzenie wspieraj\u0105c prac\u0119 producent\u00f3w OEM, deweloper\u00f3w i innych wykonawc\u00f3w, kt\u00f3rych obs\u0142ugujemy.<\/p>\n<p>Jeste\u015bmy g\u0142\u0119boko przekonani, \u017ce energia odnawialna jest drog\u0105 do bardziej ekologicznego jutra. Dok\u0142adamy wszelkich stara\u0144, aby zapewni\u0107 naszym partnerom kreatywne us\u0142ugi zaprojektowane w celu dostarczania op\u0142acalnych rozwi\u0105za\u0144.<\/p>\n<p>Kieruj\u0105c si\u0119 naszym zaanga\u017cowaniem w dostarczanie wysokiej jako\u015bci i przynosz\u0105cych rezultaty us\u0142ug, robimy wszystko, co w naszej mocy, aby by\u0107 na bie\u017c\u0105co z najnowocze\u015bniejsz\u0105 technologi\u0105 i post\u0119pem w bran\u017cy poprzez ci\u0105g\u0142e szkolenia i czerpanie z naszej wiedzy opartej na sumie wieloletnich do\u015bwiadcze\u0144.[\/vc_column_text][\/vc_column][vc_column width=&#8221;1\/2&#8243; css=&#8221;.vc_custom_1675538303865{padding-top: 30px !important;padding-right: 15% !important;padding-bottom: 10px !important;padding-left: 15% !important;}&#8221;]<div class=\"uavc-list-icon uavc-list-icon-wrapper ult-adjust-bottom-margin h3homelist  \"><ul class=\"uavc-list\"><li><div class=\"uavc-list-content\" id=\"list-icon-wrap-3532\">\n<div class=\"uavc-list-icon  \" data-animation=\"\" data-animation-delay=\"03\" style=\"margin-right:22px;\"><div class=\"ult-just-icon-wrapper  \"><div class=\"align-icon\" style=\"text-align:center;\">\n<div class=\"aio-icon-img \" style=\"font-size:22px;display:inline-block;\" >\n\t<img decoding=\"async\" class=\"img-icon\" alt=\"null\" src=\"https:\/\/norgtech-int.com\/wp-content\/uploads\/2023\/02\/tick32.png\"\/>\n<\/div><\/div><\/div>\n<\/div><span  data-ultimate-target='#list-icon-wrap-3532 .uavc-list-desc'  data-responsive-json-new='{\"font-size\":\"\",\"line-height\":\"\"}'  class=\"uavc-list-desc ult-responsive\" style=\"\"><\/p>\n<h3>50+ zrealizowanych projekt\u00f3w<\/h3>\n<p><\/span><\/div><\/li><li><div class=\"uavc-list-content\" id=\"list-icon-wrap-2923\">\n<div class=\"uavc-list-icon  \" data-animation=\"\" data-animation-delay=\"03\" style=\"margin-right:22px;\"><div class=\"ult-just-icon-wrapper  \"><div class=\"align-icon\" style=\"text-align:center;\">\n<div class=\"aio-icon-img \" style=\"font-size:22px;display:inline-block;\" >\n\t<img decoding=\"async\" class=\"img-icon\" alt=\"null\" src=\"https:\/\/norgtech-int.com\/wp-content\/uploads\/2023\/02\/tick32.png\"\/>\n<\/div><\/div><\/div>\n<\/div><span  data-ultimate-target='#list-icon-wrap-2923 .uavc-list-desc'  data-responsive-json-new='{\"font-size\":\"\",\"line-height\":\"\"}'  class=\"uavc-list-desc ult-responsive\" style=\"\"><\/p>\n<h3>Zesp\u00f3\u0142 ekspert\u00f3w<\/h3>\n<p><\/span><\/div><\/li><li><div class=\"uavc-list-content\" id=\"list-icon-wrap-7403\">\n<div class=\"uavc-list-icon  \" data-animation=\"\" data-animation-delay=\"03\" style=\"margin-right:22px;\"><div class=\"ult-just-icon-wrapper  \"><div class=\"align-icon\" style=\"text-align:center;\">\n<div class=\"aio-icon-img \" style=\"font-size:22px;display:inline-block;\" >\n\t<img decoding=\"async\" class=\"img-icon\" alt=\"null\" src=\"https:\/\/norgtech-int.com\/wp-content\/uploads\/2023\/02\/tick32.png\"\/>\n<\/div><\/div><\/div>\n<\/div><span  data-ultimate-target='#list-icon-wrap-7403 .uavc-list-desc'  data-responsive-json-new='{\"font-size\":\"\",\"line-height\":\"\"}'  class=\"uavc-list-desc ult-responsive\" style=\"\"><\/p>\n<h3>Dba\u0142o\u015b\u0107 o \u015brodowisko<\/h3>\n<p><\/span><\/div><\/li><li><div class=\"uavc-list-content\" id=\"list-icon-wrap-9616\">\n<div class=\"uavc-list-icon  \" data-animation=\"\" data-animation-delay=\"03\" style=\"margin-right:22px;\"><div class=\"ult-just-icon-wrapper  \"><div class=\"align-icon\" style=\"text-align:center;\">\n<div class=\"aio-icon-img \" style=\"font-size:22px;display:inline-block;\" >\n\t<img decoding=\"async\" class=\"img-icon\" alt=\"null\" src=\"https:\/\/norgtech-int.com\/wp-content\/uploads\/2023\/02\/tick32.png\"\/>\n<\/div><\/div><\/div>\n<\/div><span  data-ultimate-target='#list-icon-wrap-9616 .uavc-list-desc'  data-responsive-json-new='{\"font-size\":\"\",\"line-height\":\"\"}'  class=\"uavc-list-desc ult-responsive\" style=\"\"><\/p>\n<h3>Wysoce wyspecjalizowane rozwi\u0105zania<\/h3>\n<p><\/span><\/div><\/li><\/ul><\/div><style type=\"text\/css\" data-type=\"the7_shortcodes-inline-css\">#default-btn-0e2880a2c41b8aec5fa39c665feefcfe.ico-right-side > i {\n  margin-right: 0px;\n  margin-left: 8px;\n}\n#default-btn-0e2880a2c41b8aec5fa39c665feefcfe > i {\n  margin-right: 8px;\n}\n<\/style><a href=\"https:\/\/norgtech-int.com\/pl\/o-nas\/\" class=\"default-btn-shortcode dt-btn dt-btn-s link-hover-off btn-inline-left \" id=\"default-btn-0e2880a2c41b8aec5fa39c665feefcfe\"><span>Dowiedz si\u0119 o nas wi\u0119cej<\/span><\/a>[\/vc_column][\/vc_row][vc_row full_width=&#8221;stretch_row&#8221; content_placement=&#8221;middle&#8221; css=&#8221;.vc_custom_1675539767577{padding-top: 44px !important;padding-bottom: 44px !important;background-color: #eaf3f9 !important;}&#8221;][vc_column width=&#8221;1\/4&#8243; css=&#8221;.vc_custom_1675542277449{padding-right: 60px !important;padding-left: 60px !important;}&#8221;]<div class=\"stats-block stats-top  \"><div class=\"aio-icon-top\"><div class=\"ult-just-icon-wrapper  \"><div class=\"align-icon\" style=\"text-align:center;\"><\/div><\/div><\/div><div class=\"stats-desc\" id=\"counter-responsv-wrap-9591\"><div id=\"counter_161248045169e4c813d3e60\" data-id=\"counter_161248045169e4c813d3e60\"  data-ultimate-target='#counter-responsv-wrap-9591 .stats-number'  data-responsive-json-new='{\"font-size\":\"desktop:55px;\",\"line-height\":\"desktop:55px;\"}'  class=\"stats-number ult-responsive\" style=\" color:#333333; font-weight:bold;color:#1f84c9;\" data-speed=\"1\" data-counter-value=\"12\" data-separator=\"none\" data-decimal=\"none\">0<\/div><div class=\"counter_suffix mycust ult-responsive\"  data-ultimate-target='#counter-responsv-wrap-9591 .mycust'  data-responsive-json-new='{\"font-size\":\"desktop:26px;\",\"line-height\":\"desktop:26px;\"}'  style=\" font-weight:bold;color:#1f84c9\">h<\/div><div id=\"counter_161248045169e4c813d3e60\"  data-ultimate-target='#counter-responsv-wrap-9591 .stats-text'  data-responsive-json-new='{\"font-size\":\"desktop:16px;\",\"line-height\":\"desktop:16px;\"}'  class=\"stats-text ult-responsive\" style=\"font-size:px; color:#333333; font-weight:bold;\">\u015bredni czas reakcji na problem<\/div><\/div><\/div>[\/vc_column][vc_column width=&#8221;1\/4&#8243; css=&#8221;.vc_custom_1675542289314{padding-right: 60px !important;padding-left: 60px !important;}&#8221;]<div class=\"stats-block stats-top  \"><div class=\"aio-icon-top\"><div class=\"ult-just-icon-wrapper  \"><div class=\"align-icon\" style=\"text-align:center;\"><\/div><\/div><\/div><div class=\"stats-desc\" id=\"counter-responsv-wrap-2253\"><div id=\"counter_418973825669e4c813d3fcf\" data-id=\"counter_418973825669e4c813d3fcf\"  data-ultimate-target='#counter-responsv-wrap-2253 .stats-number'  data-responsive-json-new='{\"font-size\":\"desktop:55px;\",\"line-height\":\"desktop:55px;\"}'  class=\"stats-number ult-responsive\" style=\" color:#333333; font-weight:bold;color:#1f84c9;\" data-speed=\"1\" data-counter-value=\"25\" data-separator=\"none\" data-decimal=\"none\">0<\/div><div class=\"counter_suffix mycust ult-responsive\"  data-ultimate-target='#counter-responsv-wrap-2253 .mycust'  data-responsive-json-new='{\"font-size\":\"desktop:26px;\",\"line-height\":\"desktop:26px;\"}'  style=\" font-weight:bold;color:#1f84c9\">+<\/div><div id=\"counter_418973825669e4c813d3fcf\"  data-ultimate-target='#counter-responsv-wrap-2253 .stats-text'  data-responsive-json-new='{\"font-size\":\"desktop:16px;\",\"line-height\":\"desktop:16px;\"}'  class=\"stats-text ult-responsive\" style=\"font-size:px; color:#333333; font-weight:bold;\">turbinyserwisowane miesi\u0119cznie<\/div><\/div><\/div>[\/vc_column][vc_column width=&#8221;1\/4&#8243; css=&#8221;.vc_custom_1675542301798{padding-right: 60px !important;padding-left: 60px !important;}&#8221;]<div class=\"stats-block stats-top  \"><div class=\"aio-icon-top\"><div class=\"ult-just-icon-wrapper  \"><div class=\"align-icon\" style=\"text-align:center;\"><\/div><\/div><\/div><div class=\"stats-desc\" id=\"counter-responsv-wrap-1402\"><div id=\"counter_132666357769e4c813d4119\" data-id=\"counter_132666357769e4c813d4119\"  data-ultimate-target='#counter-responsv-wrap-1402 .stats-number'  data-responsive-json-new='{\"font-size\":\"desktop:55px;\",\"line-height\":\"desktop:55px;\"}'  class=\"stats-number ult-responsive\" style=\" color:#333333; font-weight:bold;color:#1f84c9;\" data-speed=\"2\" data-counter-value=\"365\" data-separator=\"none\" data-decimal=\"none\">0<\/div><div class=\"counter_suffix mycust ult-responsive\"  data-ultimate-target='#counter-responsv-wrap-1402 .mycust'  data-responsive-json-new='{\"font-size\":\"desktop:26px;\",\"line-height\":\"desktop:26px;\"}'  style=\" font-weight:bold;color:#1f84c9\">days<\/div><div id=\"counter_132666357769e4c813d4119\"  data-ultimate-target='#counter-responsv-wrap-1402 .stats-text'  data-responsive-json-new='{\"font-size\":\"desktop:16px;\",\"line-height\":\"desktop:16px;\"}'  class=\"stats-text ult-responsive\" style=\"font-size:px; color:#333333; font-weight:bold;\">dost\u0119pno\u015bci zespo\u0142u serwisowego<\/div><\/div><\/div>[\/vc_column][vc_column width=&#8221;1\/4&#8243; css=&#8221;.vc_custom_1676298409060{padding-right: 6px !important;padding-left: 6px !important;}&#8221;][vc_column_text el_class=&#8221;nibylicz1&#8243;]<\/p>\n<p style=\"text-align: center;\">us\u0142ugi serwisowe<\/p>\n<p>[\/vc_column_text][vc_column_text el_class=&#8221;nibylicz2&#8243;]<\/p>\n<p style=\"text-align: center;\">w Europie \/ na \u015bwiecie<\/p>\n<p>[\/vc_column_text][\/vc_column][\/vc_row][vc_row content_placement=&#8221;middle&#8221; css=&#8221;.vc_custom_1675579111960{padding-top: 60px !important;padding-bottom: 60px !important;}&#8221;][vc_column width=&#8221;2\/3&#8243; css=&#8221;.vc_custom_1675577070958{margin-top: 0px !important;padding-top: 0px !important;padding-right: 0px !important;padding-bottom: 0px !important;padding-left: 0px !important;}&#8221;][vc_single_image image=&#8221;910&#8243; img_size=&#8221;1000&#215;700&#8243; lazy_loading=&#8221;true&#8221;][\/vc_column][vc_column width=&#8221;1\/3&#8243; css=&#8221;.vc_custom_1675577839655{margin-left: 0px !important;padding-top: 0px !important;padding-right: 0px !important;padding-bottom: 0px !important;padding-left: 0px !important;}&#8221;][vc_row_inner content_placement=&#8221;middle&#8221; css=&#8221;.vc_custom_1675579398852{margin-top: -30px !important;margin-left: -60px !important;background-color: #ffffff !important;}&#8221; el_class=&#8221;homeboxshadowtop&#8221;][vc_column_inner el_class=&#8221;homeboxshadow&#8221; css=&#8221;.vc_custom_1675579330586{padding-top: 40px !important;padding-right: 40px !important;padding-bottom: 40px !important;padding-left: 40px !important;}&#8221;][vc_column_text css=&#8221;.vc_custom_1679561244144{margin-bottom: 0px !important;padding-bottom: 0px !important;}&#8221; el_class=&#8221;h3homeheader&#8221;]<\/p>\n<h3 style=\"text-align: left;\">Jeste\u015bmy cz\u0142onkiem PSEW<\/h3>\n<p>[\/vc_column_text][vc_single_image image=&#8221;175&#8243; img_size=&#8221;full&#8221; css=&#8221;.vc_custom_1675672960367{margin-top: 0px !important;margin-bottom: 0px !important;padding-top: 0px !important;padding-bottom: 10px !important;}&#8221; lazy_loading=&#8221;true&#8221;][vc_column_text css=&#8221;.vc_custom_1679561269463{margin-bottom: 10px !important;}&#8221; el_class=&#8221;initeksth3&#8243;]<\/p>\n<h3>Polskie Stowarzyszenie Energetyki Wiatrowej (PSEW)<br \/>\njest organizacj\u0105 pozarz\u0105dow\u0105<br \/>\nZa\u0142o\u017cona w 1999 roku.<\/h3>\n<p>[\/vc_column_text][vc_column_text css=&#8221;.vc_custom_1679561292926{margin-top: 0px !important;margin-bottom: 0px !important;padding-top: 0px !important;padding-bottom: 5px !important;}&#8221;]PSEW jest organizacj\u0105 wspieraj\u0105c\u0105 i promuj\u0105c\u0105 rozw\u00f3j energetyki wiatrowej, kt\u00f3rej celem, realizowanym poprzez wsp\u00f3lne dzia\u0142ania jej cz\u0142onk\u00f3w, jest tworzenie korzystnych warunk\u00f3w dla inwestycji w energetyk\u0119 wiatrow\u0105 w Polsce oraz systematyczne zwi\u0119kszanie wykorzystania energii wiatrowej jako czystego \u017ar\u00f3d\u0142a energii elektrycznej.[\/vc_column_text][\/vc_column_inner][\/vc_row_inner][\/vc_column][\/vc_row][vc_row full_width=&#8221;stretch_row&#8221; css=&#8221;.vc_custom_1675944998258{padding-top: 70px !important;padding-bottom: 10px !important;background-color: #eaf3f9 !important;}&#8221;][vc_column css=&#8221;.vc_custom_1668674449168{padding-right: 20px !important;padding-left: 20px !important;}&#8221;][vc_column_text css=&#8221;.vc_custom_1679561678700{margin-top: -30px !important;margin-bottom: 20px !important;}&#8221; el_class=&#8221;hash4p&#8221;]<\/p>\n<p style=\"text-align: center;\">Nasza oferta<\/p>\n<p>[\/vc_column_text][vc_column_text css=&#8221;.vc_custom_1679561317390{padding-bottom: 5px !important;}&#8221; el_class=&#8221;hash1&#8243;]<\/p>\n<h1 style=\"text-align: center;\">Us\u0142ugi konserwacji turbin wiatrowych<\/h1>\n<p>[\/vc_column_text][vc_row_inner css=&#8221;.vc_custom_1675677475681{padding-top: 10px !important;padding-bottom: 60px !important;}&#8221;][vc_column_inner width=&#8221;1\/3&#8243;][vc_column_text css=&#8221;.vc_custom_1679560530680{margin-bottom: 10px !important;}&#8221; el_class=&#8221;initeksth3&#8243;]<\/p>\n<h3 style=\"text-align: left;\">Zarz\u0105dzanie turbinami wiatrowymi<\/h3>\n<p>[\/vc_column_text][vc_column_text css=&#8221;.vc_custom_1679560506163{margin-top: 0px !important;margin-bottom: 15px !important;padding-top: 0px !important;}&#8221;]Konserwacja turbin wiatrowych jest kluczowym aspektem zapewnienia niezawodno\u015bci i d\u0142ugowieczno\u015bci system\u00f3w energii wiatrowej. Nasz zesp\u00f3\u0142 ekspert\u00f3w zapewnia kompleksowe us\u0142ugi konserwacyjne, maj\u0105ce na celu zapobieganie kosztownym przestojom, popraw\u0119 bezpiecze\u0144stwa i zwi\u0119kszenie wydajno\u015bci energetycznej.[\/vc_column_text]<style type=\"text\/css\" data-type=\"the7_shortcodes-inline-css\">#default-btn-aaf39bed946b80fd7f93171b098b279b.ico-right-side > i {\n  margin-right: 0px;\n  margin-left: 8px;\n}\n#default-btn-aaf39bed946b80fd7f93171b098b279b > i {\n  margin-right: 8px;\n}\n<\/style><div class=\"btn-align-left\"><a href=\"\/pl\/serwis-turbin-wiatrowych\/\" class=\"default-btn-shortcode dt-btn dt-btn-m link-hover-off \" id=\"default-btn-aaf39bed946b80fd7f93171b098b279b\"><span>zobacz szczeg\u00f3\u0142y<\/span><\/a><\/div>[vc_empty_space][\/vc_column_inner][vc_column_inner width=&#8221;1\/3&#8243;][vc_column_text css=&#8221;.vc_custom_1679583490835{margin-bottom: 10px !important;}&#8221; el_class=&#8221;initeksth3&#8243;]<\/p>\n<h3 style=\"text-align: left;\">Modernizacja turbin wiatrowych<\/h3>\n<p>[\/vc_column_text][vc_column_text css=&#8221;.vc_custom_1679560562504{margin-top: 0px !important;margin-bottom: 15px !important;padding-top: 0px !important;}&#8221;]Modernizacja urz\u0105dze\u0144 wykorzystuj\u0105cych energi\u0119 odnawialn\u0105, takich jak turbiny wiatrowe, mo\u017ce znacznie poprawi\u0107 og\u00f3ln\u0105 wydajno\u015b\u0107. Modernizuj\u0105c starszy sprz\u0119t, mo\u017cna zwi\u0119kszy\u0107 produkcj\u0119 energii, obni\u017cy\u0107 koszty konserwacji i wyd\u0142u\u017cy\u0107 \u017cywotno\u015b\u0107 sprz\u0119tu.[\/vc_column_text]<style type=\"text\/css\" data-type=\"the7_shortcodes-inline-css\">#default-btn-54d757cafb9d2395ff17f46840558cf7.ico-right-side > i {\n  margin-right: 0px;\n  margin-left: 8px;\n}\n#default-btn-54d757cafb9d2395ff17f46840558cf7 > i {\n  margin-right: 8px;\n}\n<\/style><div class=\"btn-align-left\"><a href=\"\/pl\/modernizacja-turbin-wiatrowych\/\" class=\"default-btn-shortcode dt-btn dt-btn-m link-hover-off \" id=\"default-btn-54d757cafb9d2395ff17f46840558cf7\"><span>zobacz szczeg\u00f3\u0142y<\/span><\/a><\/div>[vc_empty_space][\/vc_column_inner][vc_column_inner width=&#8221;1\/3&#8243;][vc_column_text css=&#8221;.vc_custom_1679583552829{margin-bottom: 10px !important;}&#8221; el_class=&#8221;initeksth3&#8243;]<\/p>\n<h3 style=\"text-align: left;\">Prace wysoko\u015bciowe na linach<\/h3>\n<p>[\/vc_column_text][vc_column_text css=&#8221;.vc_custom_1679560633399{margin-top: 0px !important;margin-bottom: 15px !important;padding-top: 0px !important;}&#8221;]Naprawa \u0142opat turbin wiatrowych mo\u017ce by\u0107 z\u0142o\u017conym i wymagaj\u0105cym procesem, a wyb\u00f3r odpowiedniego us\u0142ugodawcy ma kluczowe znaczenie dla zapewnienia skutecznych napraw \u0142opat. Norg Tech International oferuje wiele korzy\u015bci, kt\u00f3re pomagaj\u0105 z\u0142agodzi\u0107 wyzwania zwi\u0105zane z tym wa\u017cnym zadaniem.[\/vc_column_text]<style type=\"text\/css\" data-type=\"the7_shortcodes-inline-css\">#default-btn-173b00d482c8b3694a594c004f8314bd.ico-right-side > i {\n  margin-right: 0px;\n  margin-left: 8px;\n}\n#default-btn-173b00d482c8b3694a594c004f8314bd > i {\n  margin-right: 8px;\n}\n<\/style><div class=\"btn-align-left\"><a href=\"\/pl\/prace-wysokosciowe-na-linach\/\" class=\"default-btn-shortcode dt-btn dt-btn-m link-hover-off \" id=\"default-btn-173b00d482c8b3694a594c004f8314bd\"><span>zobacz szczeg\u00f3\u0142y<\/span><\/a><\/div>[vc_empty_space][\/vc_column_inner][\/vc_row_inner][\/vc_column][\/vc_row][vc_row css=&#8221;.vc_custom_1676621028717{padding-top: 70px !important;padding-bottom: 30px !important;}&#8221;][vc_column css=&#8221;.vc_custom_1668674449168{padding-right: 20px !important;padding-left: 20px !important;}&#8221;][vc_column_text css=&#8221;.vc_custom_1679561366950{margin-top: -30px !important;margin-bottom: 20px !important;}&#8221; el_class=&#8221;hash4p&#8221;]<\/p>\n<p style=\"text-align: center;\">Nasza misja<\/p>\n<p>[\/vc_column_text][vc_column_text css=&#8221;.vc_custom_1679561342310{padding-bottom: 5px !important;}&#8221; el_class=&#8221;hash2&#8243;]<\/p>\n<h2 style=\"text-align: center;\">Nasza koncepcja Service-Plus<\/h2>\n<p>[\/vc_column_text][vc_row_inner css=&#8221;.vc_custom_1675677475681{padding-top: 10px !important;padding-bottom: 60px !important;}&#8221;][vc_column_inner width=&#8221;1\/3&#8243;][vc_single_image image=&#8221;222&#8243; img_size=&#8221;full&#8221; alignment=&#8221;center&#8221; css=&#8221;.vc_custom_1675678232811{margin-bottom: 1px !important;padding-bottom: 0px !important;}&#8221; lazy_loading=&#8221;true&#8221;][vc_column_text css=&#8221;.vc_custom_1679560745176{margin-bottom: 10px !important;}&#8221; el_class=&#8221;initeksth3&#8243;]<\/p>\n<h3 style=\"text-align: center;\">Rozwi\u0105zania w zakresie energii odnawialnej<\/h3>\n<p>[\/vc_column_text][\/vc_column_inner][vc_column_inner width=&#8221;1\/3&#8243;][vc_single_image image=&#8221;223&#8243; img_size=&#8221;full&#8221; alignment=&#8221;center&#8221; css=&#8221;.vc_custom_1675678236979{margin-bottom: 1px !important;padding-bottom: 0px !important;}&#8221; lazy_loading=&#8221;true&#8221;][vc_column_text css=&#8221;.vc_custom_1679560734757{margin-bottom: 10px !important;}&#8221; el_class=&#8221;initeksth3&#8243;]<\/p>\n<h3 style=\"text-align: center;\">Oszcz\u0119dno\u015b\u0107 pieni\u0119dzy, czasu i zasob\u00f3w<\/h3>\n<p>[\/vc_column_text][\/vc_column_inner][vc_column_inner width=&#8221;1\/3&#8243;][vc_single_image image=&#8221;221&#8243; img_size=&#8221;full&#8221; alignment=&#8221;center&#8221; css=&#8221;.vc_custom_1675678241333{margin-bottom: 1px !important;padding-bottom: 0px !important;}&#8221; lazy_loading=&#8221;true&#8221;][vc_column_text css=&#8221;.vc_custom_1679560793405{margin-bottom: 10px !important;}&#8221; el_class=&#8221;initeksth3&#8243;]<\/p>\n<h3 style=\"text-align: center;\">Wysoko wyspecjalizowane rozwi\u0105zania<\/h3>\n<p>[\/vc_column_text][\/vc_column_inner][\/vc_row_inner][\/vc_column][\/vc_row]<\/p>\n<\/div>","protected":false},"excerpt":{"rendered":"<p>[vc_row full_width=&#8221;stretch_row&#8221; css=&#8221;.vc_custom_1761247972039{margin-top: -40px !important;padding-top: 0px !important;padding-bottom: 30px !important;background-color: #eaf3f9 !important;}&#8221;][vc_column width=&#8221;1\/6&#8243; css=&#8221;.vc_custom_1668674449168{padding-right: 20px !important;padding-left: 20px !important;}&#8221;][\/vc_column][vc_column width=&#8221;2\/3&#8243;][vc_column_text css=&#8221;.vc_custom_1679589269229{padding-bottom: 5px !important;}&#8221; el_class=&#8221;hash2&#8243;] Energia to przysz\u0142o\u015b\u0107 &#8211; spraw, by by\u0142a genialna [\/vc_column_text][vc_column_text][\/vc_column_text][\/vc_column][vc_column width=&#8221;1\/6&#8243;][\/vc_column][\/vc_row][vc_row css=&#8221;.vc_custom_1675538223431{padding-top: 20px !important;padding-bottom: 20px !important;}&#8221;][vc_column css=&#8221;.vc_custom_1668674449168{padding-right: 20px !important;padding-left: 20px !important;}&#8221;][vc_column_text css=&#8221;.vc_custom_1677853542383{margin-top: -30px !important;margin-bottom: 20px !important;}&#8221; el_class=&#8221;hash4&#8243;] O nas [\/vc_column_text][vc_column_text css=&#8221;.vc_custom_1690551123528{padding-bottom: 5px !important;}&#8221; el_class=&#8221;hash2&#8243;]&hellip;<\/p>\n","protected":false},"author":1,"featured_media":0,"parent":0,"menu_order":0,"comment_status":"closed","ping_status":"open","template":"","meta":{"footnotes":""},"class_list":["post-761","page","type-page","status-publish","hentry","description-off"],"_links":{"self":[{"href":"https:\/\/norgtech-int.com\/pl\/wp-json\/wp\/v2\/pages\/761","targetHints":{"allow":["GET"]}}],"collection":[{"href":"https:\/\/norgtech-int.com\/pl\/wp-json\/wp\/v2\/pages"}],"about":[{"href":"https:\/\/norgtech-int.com\/pl\/wp-json\/wp\/v2\/types\/page"}],"author":[{"embeddable":true,"href":"https:\/\/norgtech-int.com\/pl\/wp-json\/wp\/v2\/users\/1"}],"replies":[{"embeddable":true,"href":"https:\/\/norgtech-int.com\/pl\/wp-json\/wp\/v2\/comments?post=761"}],"version-history":[{"count":22,"href":"https:\/\/norgtech-int.com\/pl\/wp-json\/wp\/v2\/pages\/761\/revisions"}],"predecessor-version":[{"id":1874,"href":"https:\/\/norgtech-int.com\/pl\/wp-json\/wp\/v2\/pages\/761\/revisions\/1874"}],"wp:attachment":[{"href":"https:\/\/norgtech-int.com\/pl\/wp-json\/wp\/v2\/media?parent=761"}],"curies":[{"name":"wp","href":"https:\/\/api.w.org\/{rel}","templated":true}]}}