{"id":776,"date":"2023-03-01T14:44:21","date_gmt":"2023-03-01T14:44:21","guid":{"rendered":"https:\/\/norgtech-int.com\/digatal-bolt-check\/"},"modified":"2023-10-10T10:30:28","modified_gmt":"2023-10-10T10:30:28","slug":"cyfrowa-kontrola-srub","status":"publish","type":"page","link":"https:\/\/norgtech-int.com\/pl\/cyfrowa-kontrola-srub\/","title":{"rendered":"Cyfrowa kontrola \u015brub"},"content":{"rendered":"<div class=\"wpb-content-wrapper\"><p>[vc_row full_width=&#8221;stretch_row&#8221; equal_height=&#8221;yes&#8221; content_placement=&#8221;middle&#8221; css=&#8221;.vc_custom_1675685467009{margin-top: 0px !important;padding-top: 0px !important;padding-bottom: 0px !important;}&#8221;][vc_column width=&#8221;1\/2&#8243; css=&#8221;.vc_custom_1675685369503{margin-top: 0px !important;padding-top: 22px !important;padding-right: 35px !important;padding-bottom: 22px !important;padding-left: 30px !important;}&#8221;][vc_separator color=&#8221;custom&#8221; align=&#8221;align_left&#8221; accent_color=&#8221;#1f84c9&#8243; css=&#8221;.vc_custom_1675686882984{margin-bottom: 0px !important;padding-top: 0px !important;padding-bottom: 0px !important;}&#8221;][vc_column_text el_class=&#8221;hash4&#8243; css=&#8221;.vc_custom_1677855470250{margin-bottom: 25px !important;padding-top: 30px !important;}&#8221;]<\/p>\n<h4 style=\"text-align: left;\">Cyfrowa kontrola \u015brub<\/h4>\n<p>[\/vc_column_text][vc_column_text]<strong>Cyfrowa Kontrola \u015arub<\/strong> to innowacyjna metoda pomiarowa przeznaczona do przeprowadzania skutecznych i precyzyjnych kontroli po\u0142\u0105cze\u0144 \u015brubowych.<\/p>\n<p><strong>Cyfrowa Kontrola \u015arub<\/strong> oferuje przyjazny dla u\u017cytkownika interfejs i system identyfikowalno\u015bci, kt\u00f3ry umo\u017cliwia szybk\u0105 identyfikacj\u0119 \u015brub w bazie danych, u\u0142atwiaj\u0105c efektywne planowanie zada\u0144 serwisowych i konserwacyjnych.[\/vc_column_text][vc_separator color=&#8221;custom&#8221; align=&#8221;align_left&#8221; accent_color=&#8221;#1f84c9&#8243; css=&#8221;.vc_custom_1677682650065{margin-bottom: 0px !important;padding-top: 0px !important;padding-bottom: 20px !important;}&#8221;][vc_icon type=&#8221;linecons&#8221; icon_linecons=&#8221;vc_li vc_li-news&#8221; color=&#8221;custom&#8221; size=&#8221;lg&#8221; custom_color=&#8221;#1f84c9&#8243; css=&#8221;.vc_custom_1677683322778{margin-bottom: 10px !important;margin-left: -10px !important;padding-bottom: 0px !important;}&#8221; link=&#8221;url:https%3A%2F%2Flarido-projektywww.pl%2Fnorgtechint2023a%2Fwp-content%2Fuploads%2F2023%2F03%2FHYTORC-DOC-1.pdf|target:_blank&#8221; el_class=&#8221;butico&#8221;][vc_column_text el_class=&#8221;h3homelist&#8221; css=&#8221;.vc_custom_1688652089034{margin-bottom: 20px !important;padding-top: 0px !important;padding-bottom: 0px !important;}&#8221;]<\/p>\n<h3><a href=\"https:\/\/norgtech-int.com\/wp-content\/uploads\/2023\/03\/HYTORC-DOC.pdf\" target=\"_blank\" rel=\"noopener\">Przyk\u0142adowy raport<\/a><\/h3>\n<p>[\/vc_column_text][\/vc_column][vc_column width=&#8221;1\/2&#8243; css=&#8221;.vc_custom_1677682219742{padding-top: 30px !important;padding-right: 15% !important;padding-bottom: 10px !important;padding-left: 15% !important;background-image: url(https:\/\/norgtech-int.com\/wp-content\/uploads\/2023\/03\/b18bd295-dad7-42e6-b8ef-d6a68ac2f215.jpg?id=611) !important;background-position: center !important;background-repeat: no-repeat !important;background-size: cover !important;}&#8221; el_class=&#8221;bgima&#8221;][\/vc_column][\/vc_row][vc_row full_width=&#8221;stretch_row&#8221; equal_height=&#8221;yes&#8221; content_placement=&#8221;middle&#8221; css=&#8221;.vc_custom_1675684241900{padding-top: 0px !important;padding-bottom: 0px !important;}&#8221;][vc_column width=&#8221;1\/2&#8243; css=&#8221;.vc_custom_1675685383993{padding-top: 22px !important;padding-right: 35px !important;padding-bottom: 22px !important;padding-left: 35px !important;}&#8221; el_class=&#8221;vc_col-sm-push-6&#8243;][vc_separator color=&#8221;custom&#8221; align=&#8221;align_left&#8221; accent_color=&#8221;#1f84c9&#8243; css=&#8221;.vc_custom_1675686882984{margin-bottom: 0px !important;padding-top: 0px !important;padding-bottom: 0px !important;}&#8221;][vc_column_text el_class=&#8221;hash4&#8243; css=&#8221;.vc_custom_1688652352826{margin-bottom: 25px !important;padding-top: 30px !important;}&#8221;]<\/p>\n<h4 style=\"text-align: left;\">Metoda sprawdzania \u015brub<\/h4>\n<p>[\/vc_column_text][vc_column_text]<strong>Metoda Cyfrowej Kontroli \u015arub<\/strong> jest kompatybilna z szerok\u0105 gam\u0105 typ\u00f3w \u015brub i eliminuje potrzeb\u0119 specjalnej obr\u00f3bki wst\u0119pnej \u015brub. Odgrywa kluczow\u0105 rol\u0119 w maksymalizacji czasu sprawno\u015bci operacyjnej przy jednoczesnym minimalizowaniu ryzyka awarii.<\/p>\n<p>Ponadto <strong>Cyfrowa Kontrola \u015arub<\/strong> zapewnia oparte na chmurze rozwi\u0105zanie z intuicyjn\u0105 baz\u0105 danych do zarz\u0105dzania \u015brubami, umo\u017cliwiaj\u0105c\u0105 bezpieczne przechowywanie, kategoryzowanie i analizowanie zmierzonych \u015brub.[\/vc_column_text]<style type=\"text\/css\" data-type=\"the7_shortcodes-inline-css\">#default-btn-488bd9d0064eba7ef63290aa1f291804.ico-right-side > i {\n  margin-right: 0px;\n  margin-left: 8px;\n}\n#default-btn-488bd9d0064eba7ef63290aa1f291804 > i {\n  margin-right: 8px;\n}\n<\/style><a href=\"\/pl\/kontakt\/\" class=\"default-btn-shortcode dt-btn dt-btn-s link-hover-off btn-inline-left  vc_custom_1688652199439\" id=\"default-btn-488bd9d0064eba7ef63290aa1f291804\"><span>Skontaktuj si\u0119 z nami<\/span><\/a>[\/vc_column][vc_column width=&#8221;1\/2&#8243; css=&#8221;.vc_custom_1677682235234{background-image: url(https:\/\/norgtech-int.com\/wp-content\/uploads\/2023\/03\/8d4bec1f-758f-4e8e-88f0-e8a8b741a755.jpg?id=608) !important;background-position: center !important;background-repeat: no-repeat !important;background-size: cover !important;}&#8221; el_class=&#8221;vc_col-sm-pull-6 bgima&#8221;][\/vc_column][\/vc_row][vc_row full_width=&#8221;stretch_row&#8221; equal_height=&#8221;yes&#8221; content_placement=&#8221;middle&#8221; css=&#8221;.vc_custom_1675684377252{padding-top: 0px !important;padding-bottom: 0px !important;}&#8221;][vc_column width=&#8221;1\/2&#8243; css=&#8221;.vc_custom_1675685297817{margin-top: 0px !important;padding-top: 22px !important;padding-right: 35px !important;padding-bottom: 22px !important;padding-left: 25px !important;}&#8221;][vc_separator color=&#8221;custom&#8221; align=&#8221;align_left&#8221; accent_color=&#8221;#1f84c9&#8243; css=&#8221;.vc_custom_1675686882984{margin-bottom: 0px !important;padding-top: 0px !important;padding-bottom: 0px !important;}&#8221;][vc_column_text el_class=&#8221;hash4&#8243; css=&#8221;.vc_custom_1688652258488{margin-bottom: 25px !important;padding-top: 30px !important;}&#8221;]<\/p>\n<h4 style=\"text-align: left;\">Zalety cyfrowej kontroli \u015brub<\/h4>\n<p>[\/vc_column_text][vc_column_text]Wybierz <strong>Cyfrowa Kontrole \u015arub<\/strong>, aby zapewni\u0107 integralno\u015b\u0107 po\u0142\u0105cze\u0144 \u015brubowych, usprawni\u0107 operacje i utrzyma\u0107 d\u0142ugoterminow\u0105 niezawodno\u015b\u0107 konstrukcji.<\/p>\n<ul>\n<li>Redukcja koszt\u00f3w konserwacji<\/li>\n<li>Lepsza kondycja urz\u0105dze\u0144, bezpiecze\u0144stwo i \u015brodowisko (HSE)<\/li>\n<li>Kompleksowa identyfikowalno\u015b\u0107 \u015brub<\/li>\n<li>Ograniczanie ryzyka b\u0142\u0119d\u00f3w ludzkich<\/li>\n<li>Wbudowany system rejestrowania danych i raportowania<\/li>\n<li>Kompatybilny ze standardowymi \u015brubami<\/li>\n<\/ul>\n<p>[\/vc_column_text][\/vc_column][vc_column width=&#8221;1\/2&#8243; css=&#8221;.vc_custom_1690548899141{background-image: url(https:\/\/norgtech-int.com\/wp-content\/uploads\/2023\/07\/Hytorc-2.png?id=1233) !important;background-position: center !important;background-repeat: no-repeat !important;background-size: cover !important;}&#8221; el_class=&#8221;bgima&#8221;][\/vc_column][\/vc_row][vc_row full_width=&#8221;stretch_row&#8221; equal_height=&#8221;yes&#8221; content_placement=&#8221;middle&#8221; css=&#8221;.vc_custom_1675684241900{padding-top: 0px !important;padding-bottom: 0px !important;}&#8221;][vc_column width=&#8221;1\/2&#8243; css=&#8221;.vc_custom_1690548581473{background-position: center !important;background-repeat: no-repeat !important;background-size: cover !important;}&#8221; el_class=&#8221;vc_col-sm-pull-6 bgima&#8221;][\/vc_column][\/vc_row][vc_row full_width=&#8221;stretch_row&#8221; equal_height=&#8221;yes&#8221; content_placement=&#8221;middle&#8221; css=&#8221;.vc_custom_1675684377252{padding-top: 0px !important;padding-bottom: 0px !important;}&#8221;][vc_column width=&#8221;1\/2&#8243; css=&#8221;.vc_custom_1675685297817{margin-top: 0px !important;padding-top: 22px !important;padding-right: 35px !important;padding-bottom: 22px !important;padding-left: 25px !important;}&#8221;][vc_separator color=&#8221;custom&#8221; align=&#8221;align_left&#8221; accent_color=&#8221;#1f84c9&#8243; css=&#8221;.vc_custom_1675686882984{margin-bottom: 0px !important;padding-top: 0px !important;padding-bottom: 0px !important;}&#8221;][vc_column_text el_class=&#8221;hash4&#8243; css=&#8221;.vc_custom_1679579190311{margin-bottom: 25px !important;padding-top: 30px !important;}&#8221;]<\/p>\n<h4 style=\"text-align: left;\">Skontaktuj si\u0119 z nami!<\/h4>\n<p>[\/vc_column_text][vc_column_text css=&#8221;.vc_custom_1679579166479{margin-top: 0px !important;margin-bottom: 20px !important;padding-top: 0px !important;padding-bottom: 0px !important;}&#8221;]Skontaktuj si\u0119 z nami ju\u017c dzi\u015b, aby um\u00f3wi\u0107 si\u0119 na konsultacj\u0119 i do\u015bwiadczy\u0107 korzy\u015bci p\u0142yn\u0105cych ze wsp\u00f3\u0142pracy z Norg Tech International, jako zaufanym i niezawodnym dostawc\u0105 us\u0142ug. Nie pozw\u00f3l, aby uszkodzenia ostrzy zagrozi\u0142y produkcji energii, wybierz nas do bezpiecznych, wydajnych i najwy\u017cszej jako\u015bci napraw.[\/vc_column_text]<style type=\"text\/css\" data-type=\"the7_shortcodes-inline-css\">#default-btn-1c2e45213a2bf28041510aba63d89c4a.ico-right-side > i {\n  margin-right: 0px;\n  margin-left: 8px;\n}\n#default-btn-1c2e45213a2bf28041510aba63d89c4a > i {\n  margin-right: 8px;\n}\n<\/style><a href=\"\/pl\/kontakt\/\" class=\"default-btn-shortcode dt-btn dt-btn-s link-hover-off btn-inline-left  vc_custom_1679583815324\" id=\"default-btn-1c2e45213a2bf28041510aba63d89c4a\"><span>Skontaktuj si\u0119 z nami teraz<\/span><\/a>[\/vc_column][vc_column width=&#8221;1\/2&#8243; css=&#8221;.vc_custom_1677682401014{background-image: url(https:\/\/norgtech-int.com\/wp-content\/uploads\/2023\/03\/1a766613-bf54-4fd1-9b39-324363672634bb.jpg?id=617) !important;background-position: center !important;background-repeat: no-repeat !important;background-size: cover !important;}&#8221; el_class=&#8221;bgima&#8221;][\/vc_column][\/vc_row]<\/p>\n<\/div>","protected":false},"excerpt":{"rendered":"<p>[vc_row full_width=&#8221;stretch_row&#8221; equal_height=&#8221;yes&#8221; content_placement=&#8221;middle&#8221; css=&#8221;.vc_custom_1675685467009{margin-top: 0px !important;padding-top: 0px !important;padding-bottom: 0px !important;}&#8221;][vc_column width=&#8221;1\/2&#8243; css=&#8221;.vc_custom_1675685369503{margin-top: 0px !important;padding-top: 22px !important;padding-right: 35px !important;padding-bottom: 22px !important;padding-left: 30px !important;}&#8221;][vc_separator color=&#8221;custom&#8221; align=&#8221;align_left&#8221; accent_color=&#8221;#1f84c9&#8243; css=&#8221;.vc_custom_1675686882984{margin-bottom: 0px !important;padding-top: 0px !important;padding-bottom: 0px !important;}&#8221;][vc_column_text el_class=&#8221;hash4&#8243; css=&#8221;.vc_custom_1677855470250{margin-bottom: 25px !important;padding-top: 30px !important;}&#8221;] Cyfrowa kontrola \u015brub [\/vc_column_text][vc_column_text]Cyfrowa Kontrola \u015arub to innowacyjna metoda pomiarowa przeznaczona do przeprowadzania skutecznych i precyzyjnych&hellip;<\/p>\n","protected":false},"author":1,"featured_media":0,"parent":0,"menu_order":0,"comment_status":"closed","ping_status":"open","template":"","meta":{"footnotes":""},"class_list":["post-776","page","type-page","status-publish","hentry","description-off"],"_links":{"self":[{"href":"https:\/\/norgtech-int.com\/pl\/wp-json\/wp\/v2\/pages\/776","targetHints":{"allow":["GET"]}}],"collection":[{"href":"https:\/\/norgtech-int.com\/pl\/wp-json\/wp\/v2\/pages"}],"about":[{"href":"https:\/\/norgtech-int.com\/pl\/wp-json\/wp\/v2\/types\/page"}],"author":[{"embeddable":true,"href":"https:\/\/norgtech-int.com\/pl\/wp-json\/wp\/v2\/users\/1"}],"replies":[{"embeddable":true,"href":"https:\/\/norgtech-int.com\/pl\/wp-json\/wp\/v2\/comments?post=776"}],"version-history":[{"count":17,"href":"https:\/\/norgtech-int.com\/pl\/wp-json\/wp\/v2\/pages\/776\/revisions"}],"predecessor-version":[{"id":1401,"href":"https:\/\/norgtech-int.com\/pl\/wp-json\/wp\/v2\/pages\/776\/revisions\/1401"}],"wp:attachment":[{"href":"https:\/\/norgtech-int.com\/pl\/wp-json\/wp\/v2\/media?parent=776"}],"curies":[{"name":"wp","href":"https:\/\/api.w.org\/{rel}","templated":true}]}}