{"id":780,"date":"2023-02-14T12:26:28","date_gmt":"2023-02-14T12:26:28","guid":{"rendered":"https:\/\/norgtech-int.com\/privacy-policy\/"},"modified":"2025-10-23T09:24:56","modified_gmt":"2025-10-23T09:24:56","slug":"polityka-prywatnosci","status":"publish","type":"page","link":"https:\/\/norgtech-int.com\/pl\/polityka-prywatnosci\/","title":{"rendered":"Polityka prywatno\u015bci"},"content":{"rendered":"<div class=\"wpb-content-wrapper\"><p>[vc_row css=&#8221;.vc_custom_1676377691074{padding-top: 60px !important;padding-bottom: 10px !important;}&#8221;][vc_column css=&#8221;.vc_custom_1668674449168{padding-right: 20px !important;padding-left: 20px !important;}&#8221;][vc_column_text css=&#8221;.vc_custom_1677855587578{margin-top: -30px !important;margin-bottom: 20px !important;}&#8221; el_class=&#8221;hash4&#8243;]<\/p>\n<h4 style=\"text-align: center;\">Polityka prywatno\u015bci Norgtech International<\/h4>\n<p>[\/vc_column_text][\/vc_column][\/vc_row][vc_row full_width=&#8221;stretch_row&#8221; equal_height=&#8221;yes&#8221; content_placement=&#8221;middle&#8221; css=&#8221;.vc_custom_1675685467009{margin-top: 0px !important;padding-top: 0px !important;padding-bottom: 0px !important;}&#8221;][vc_column css=&#8221;.vc_custom_1675685369503{margin-top: 0px !important;padding-top: 22px !important;padding-right: 35px !important;padding-bottom: 22px !important;padding-left: 30px !important;}&#8221;][vc_separator color=&#8221;custom&#8221; align=&#8221;align_left&#8221; css=&#8221;.vc_custom_1676377676952{margin-bottom: 0px !important;padding-top: 0px !important;padding-bottom: 40px !important;}&#8221; accent_color=&#8221;#1f84c9&#8243;][vc_column_text css=&#8221;&#8221;]Drodzy Klienci,<br \/>\nzwracaj\u0105c si\u0119 do nas z zapytaniem ofertowym lub zawieraj\u0105c z nami umow\u0119, a tak\u017ce przekazuj\u0105c dane podczas korzystania z naszej strony internetowej, przekazali Pa\u0144stwo swoje dane osobowe w celu realizacji zleconego nam zadania. Dzi\u0119kujemy za okazane zaufanie i zach\u0119camy do zapoznania si\u0119 ze sposobami, w jakie b\u0119dziemy przetwarza\u0107 te dane.<\/p>\n<p>&nbsp;<\/p>\n<p><strong>Tematy:<\/strong><\/p>\n<ul>\n<li>Jakie dane zbieramy?<\/li>\n<li>Jak gromadzimy Twoje dane?<\/li>\n<li>Jak wykorzystamy Twoje dane?<\/li>\n<li>Jak przechowujemy Twoje dane?<\/li>\n<li>Marketing<\/li>\n<li>Jakie s\u0105 Twoje prawa do ochrony danych?<\/li>\n<li>Co to s\u0105 pliki cookie?<\/li>\n<li>Jak u\u017cywamy plik\u00f3w cookie?<\/li>\n<li>Jakich rodzaj\u00f3w plik\u00f3w cookie u\u017cywamy?<\/li>\n<li>Jak zarz\u0105dza\u0107 plikami cookie<\/li>\n<li>Polityki prywatno\u015bci innych serwis\u00f3w<\/li>\n<li>Zmiany w naszej polityce prywatno\u015bci<\/li>\n<li>Jak si\u0119 z nami skontaktowa\u0107<\/li>\n<li>Jak skontaktowa\u0107 si\u0119 z odpowiednimi w\u0142adzami<\/li>\n<\/ul>\n<p>&nbsp;<\/p>\n<p><strong>Jakie dane zbieramy?<\/strong><br \/>\nNasza firma gromadzi nast\u0119puj\u0105ce dane:<\/p>\n<ul>\n<li>Dane osobowe<\/li>\n<\/ul>\n<p>&nbsp;<\/p>\n<p><strong>Jak gromadzimy Twoje dane?<\/strong><br \/>\nWi\u0119kszo\u015b\u0107 gromadzonych przez nas danych przekazujesz Norgtech International bezpo\u015brednio. Gromadzimy i przetwarzamy dane, gdy:<\/p>\n<ul>\n<li>Zarejestruj si\u0119 online lub z\u0142\u00f3\u017c zam\u00f3wienie na kt\u00f3rykolwiek z naszych produkt\u00f3w lub us\u0142ug.<\/li>\n<li>Dobrowolnie wype\u0142nij ankiet\u0119 dla klient\u00f3w lub przeka\u017c opini\u0119 na dowolnym z naszych for\u00f3w dyskusyjnych lub za po\u015brednictwem poczty elektronicznej.<\/li>\n<li>Korzystaj z naszej strony internetowej lub przegl\u0105daj j\u0105 za pomoc\u0105 plik\u00f3w cookie przegl\u0105darki.<\/li>\n<\/ul>\n<p>&nbsp;<\/p>\n<p><strong>Norgtech International mo\u017ce r\u00f3wnie\u017c otrzymywa\u0107 Twoje dane po\u015brednio z nast\u0119puj\u0105cych \u017ar\u00f3de\u0142:<\/strong><\/p>\n<ul>\n<li>pracuj.pl<\/li>\n<li>LinkedIn<\/li>\n<li>inne dzia\u0142aj\u0105ce portale<\/li>\n<\/ul>\n<p>&nbsp;<\/p>\n<p><strong>Jak wykorzystamy Twoje dane?<\/strong><br \/>\nNorgtech International gromadzi Twoje dane, aby\u015bmy mogli:<\/p>\n<ul>\n<li>Przetw\u00f3rz swoje zam\u00f3wienie, zarz\u0105dzaj swoim kontem.<\/li>\n<li>Wysy\u0142a\u0107 Ci e-maile z ofertami specjalnymi dotycz\u0105cymi innych produkt\u00f3w i us\u0142ug, kt\u00f3re naszym zdaniem mog\u0105 Ci si\u0119 spodoba\u0107<br \/>\nPodpisz umow\u0119 z Tob\u0105 lub Twoj\u0105 firm\u0105.<\/li>\n<\/ul>\n<p>Je\u015bli wyrazisz na to zgod\u0119, Norgtech International udost\u0119pni Twoje dane naszym firmom partnerskim, aby mog\u0142y oferowa\u0107 Ci swoje produkty i us\u0142ugi.<\/p>\n<p>Podczas przetwarzania Twojego zam\u00f3wienia firma Norgtech International mo\u017ce przesy\u0142a\u0107 Twoje dane do agencji informacji kredytowej, a tak\u017ce wykorzystywa\u0107 uzyskane od nich informacje, aby zapobiega\u0107 nieuczciwym zakupom.<\/p>\n<p>&nbsp;<\/p>\n<p><strong>Jak przechowujemy Twoje dane?<\/strong><br \/>\nNorgtech International bezpiecznie przechowuje Twoje dane w Chmurze, a komputery nale\u017c\u0105 do Norgtech International.<\/p>\n<p>Norgtech International b\u0119dzie przechowywa\u0107 Twoje dane] przez wymagany okres. Po up\u0142ywie tego okresu usuniemy Twoje dane z naszego systemu.<\/p>\n<p>&nbsp;<\/p>\n<p><strong>Marketing<\/strong><br \/>\nNorgtech International pragnie przesy\u0142a\u0107 Ci informacje o naszych produktach i us\u0142ugach, kt\u00f3re naszym zdaniem mog\u0105 Ci si\u0119 spodoba\u0107, a tak\u017ce o produktach i us\u0142ugach naszych firm partnerskich.<\/p>\n<p>Je\u015bli wyrazi\u0142e\u015b zgod\u0119 na otrzymywanie materia\u0142\u00f3w marketingowych, zawsze mo\u017cesz zrezygnowa\u0107 w p\u00f3\u017aniejszym terminie.<\/p>\n<p>Masz prawo w dowolnym momencie uniemo\u017cliwi\u0107 firmie Norgtech International kontaktowanie si\u0119 z Tob\u0105 w celach marketingowych.<\/p>\n<p>&nbsp;<\/p>\n<p><strong>Jakie s\u0105 Twoje prawa do ochrony danych?<\/strong><br \/>\nNorgtech International pragnie upewni\u0107 si\u0119, \u017ce jeste\u015b w pe\u0142ni \u015bwiadomy wszystkich swoich praw do ochrony danych. Ka\u017cdy u\u017cytkownik ma prawo do:<\/p>\n<p>Prawo dost\u0119pu \u2014 Masz prawo za\u017c\u0105da\u0107 od Norgtech International kopii swoich danych osobowych. Za t\u0119 us\u0142ug\u0119 mo\u017cemy pobra\u0107 niewielk\u0105 op\u0142at\u0119.<\/p>\n<p>Prawo do sprostowania \u2014 masz prawo za\u017c\u0105da\u0107 od firmy Norgtech International poprawienia wszelkich informacji, kt\u00f3re uwa\u017casz za niedok\u0142adne. Masz r\u00f3wnie\u017c prawo za\u017c\u0105da\u0107 od Norgtech International uzupe\u0142nienia informacji, kt\u00f3re uwa\u017casz za niekompletne.<\/p>\n<p>Prawo do usuni\u0119cia \u2014 masz prawo za\u017c\u0105da\u0107, aby Norgtech International usun\u0119\u0142a Twoje dane osobowe, pod pewnymi warunkami.<\/p>\n<p>Prawo do ograniczenia przetwarzania \u2014 Masz prawo za\u017c\u0105da\u0107 od Norgtech International ograniczenia przetwarzania Twoich danych osobowych, pod pewnymi warunkami.<\/p>\n<p>Prawo do sprzeciwu wobec przetwarzania \u2013 Masz prawo sprzeciwi\u0107 si\u0119 przetwarzaniu Twoich danych osobowych przez Norgtech International, pod pewnymi warunkami.<\/p>\n<p>Prawo do przenoszenia danych \u2014 masz prawo za\u017c\u0105da\u0107, aby firma Norgtech International przenios\u0142a zebrane przez nas dane do innej organizacji lub bezpo\u015brednio do Ciebie, pod pewnymi warunkami.<\/p>\n<p>Je\u015bli z\u0142o\u017cysz wniosek, mamy miesi\u0105c na udzielenie odpowiedzi. Je\u015bli chcesz skorzysta\u0107 z kt\u00f3rego\u015b z tych praw, skontaktuj si\u0119 z nami pod adresem e-mail:<br \/>\nZadzwo\u0144 do nas: ro&#100;&#111;&#64;&#110;&#x6f;&#x72;&#x67;&#x74;&#x65;ch&#45;&#105;&#110;&#116;&#x2e;&#x63;&#x6f;&#x6d;<\/p>\n<p>&nbsp;<\/p>\n<p><strong>Co to s\u0105 pliki cookie?<\/strong><br \/>\nPliki cookie to pliki tekstowe umieszczane na Twoim komputerze w celu zbierania standardowych informacji dziennika internetowego i informacji o zachowaniu odwiedzaj\u0105cych. Kiedy odwiedzasz nasze strony internetowe, mo\u017cemy zbiera\u0107 od Ciebie informacje automatycznie za pomoc\u0105 plik\u00f3w cookie lub podobnej technologii.<br \/>\nWi\u0119cej informacji mo\u017cna znale\u017a\u0107 na stronie allaboutcookies.org.<\/p>\n<p>Jak u\u017cywamy plik\u00f3w cookie?<br \/>\nNasza firma wykorzystuje pliki cookie na wiele sposob\u00f3w, aby poprawi\u0107 Twoje wra\u017cenia z korzystania z naszej witryny, w tym:<\/p>\n<ul>\n<li>Utrzymywanie zalogowania<\/li>\n<li>Zrozumienie, w jaki spos\u00f3b korzystasz z naszej strony internetowej<\/li>\n<\/ul>\n<p>&nbsp;<\/p>\n<p><strong>Jakich rodzaj\u00f3w plik\u00f3w cookie u\u017cywamy?<\/strong><br \/>\nIstnieje wiele r\u00f3\u017cnych rodzaj\u00f3w plik\u00f3w cookie, jednak nasza witryna wykorzystuje:<\/p>\n<ul>\n<li>Funkcjonalno\u015b\u0107 \u2013 Norgtech International wykorzystuje te pliki cookie, aby\u015bmy mogli Ci\u0119 rozpozna\u0107 na naszej stronie internetowej i zapami\u0119ta\u0107 Twoje wybrane wcze\u015bniej preferencje. Mog\u0105 one obejmowa\u0107 preferowany j\u0119zyk i lokalizacj\u0119, w kt\u00f3rej si\u0119 znajdujesz. Wykorzystywane s\u0105 zar\u00f3wno w\u0142asne, jak i zewn\u0119trzne pliki cookie.<\/li>\n<li>Reklama \u2014 Norgtech International wykorzystuje te pliki cookie do zbierania informacji o Twojej wizycie na naszej stronie internetowej, ogl\u0105danych przez Ciebie tre\u015bciach, linkach, z kt\u00f3rych korzysta\u0142e\u015b oraz informacje o Twojej przegl\u0105darce, urz\u0105dzeniu i adresie IP. Norgtech International czasami udost\u0119pnia niekt\u00f3re ograniczone aspekty tych danych stronom trzecim w celach reklamowych. Mo\u017cemy r\u00f3wnie\u017c udost\u0119pnia\u0107 dane online zebrane za pomoc\u0105 plik\u00f3w cookie naszym partnerom reklamowym. Oznacza to, \u017ce kiedy odwiedzasz inn\u0105 witryn\u0119, mog\u0105 zosta\u0107 wy\u015bwietlone reklamy na podstawie Twoich wzorc\u00f3w przegl\u0105dania w naszej witrynie.<\/li>\n<\/ul>\n<p>&nbsp;<\/p>\n<p><strong>Jak automatycznie plikami cookie<\/strong><br \/>\nMo\u017cesz ustawi\u0107 swoj\u0105 przegl\u0105dark\u0119 tak, aby nie akceptowa\u0142a plik\u00f3w cookie, a powy\u017csza witryna podpowiada, jak usun\u0105\u0107 pliki cookie z przegl\u0105darki. Jednak w niekt\u00f3rych przypadkach niekt\u00f3re funkcje naszej witryny mog\u0105 w rezultacie nie dzia\u0142a\u0107.<\/p>\n<p>&nbsp;<\/p>\n<p><strong>Polityki prywatno\u015bci innych serwis\u00f3w<\/strong><br \/>\nWitryna internetowa Norgtech International zawiera \u0142\u0105cza do innych witryn internetowych. Nasza polityka prywatno\u015bci dotyczy tylko naszej strony internetowej, wi\u0119c je\u015bli klikniesz na link do innej strony internetowej, powiniene\u015b zapozna\u0107 si\u0119 z jej polityk\u0105 prywatno\u015bci.<\/p>\n<p>&nbsp;<\/p>\n<p><strong>Zmiany w naszej polityce prywatno\u015bci<\/strong><br \/>\nNasza firma regularnie sprawdza swoj\u0105 polityk\u0119 prywatno\u015bci i umieszcza wszelkie aktualizacje na tej stronie internetowej. Niniejsza polityka prywatno\u015bci zosta\u0142a ostatnio zaktualizowana 9 stycznia 2019 r.<\/p>\n<p>&nbsp;<\/p>\n<p><strong>Jak si\u0119 z nami skontaktowa\u0107<\/strong><br \/>\nJe\u015bli masz jakiekolwiek pytania dotycz\u0105ce polityki prywatno\u015bci naszej firmy, danych, kt\u00f3re o Tobie przechowujemy, lub chcesz skorzysta\u0107 z jednego ze swoich praw do ochrony danych, nie wahaj si\u0119 z nami skontaktowa\u0107.<\/p>\n<p>Skontaktuj sie z nami: <a href=\"&#109;&#x61;&#105;&#x6c;t&#111;&#x3a;&#114;&#x6f;d&#x6f;&#64;&#110;&#x6f;&#114;&#x67;t&#x65;&#x63;&#104;&#x2d;i&#x6e;t&#46;&#x63;&#111;&#x6d;\">&#x72;&#111;d&#x6f;&#64;n&#x6f;&#114;g&#x74;&#101;c&#x68;&#45;i&#x6e;&#x74;&#46;&#x63;&#x6f;&#109;<\/a><\/p>\n<p>&nbsp;<\/p>\n<p><strong>Jak skontaktowa\u0107 si\u0119 z odpowiednim organem<\/strong><br \/>\nJe\u015bli chcesz zg\u0142osi\u0107 skarg\u0119 lub je\u015bli uwa\u017casz, \u017ce nasza firma nie rozwi\u0105za\u0142a problemu w zadowalaj\u0105cy spos\u00f3b, mo\u017cesz skontaktowa\u0107 si\u0119 z Biurem Komisarza ds. Informacji.<\/p>\n<p>Skontaktuj sie z nami: <a href=\"ma&#105;&#108;&#116;&#111;&#x3a;&#x72;&#x6f;&#x64;&#x6f;&#64;n&#111;&#114;&#103;&#116;&#x65;&#x63;&#x68;&#x2d;&#x69;nt&#46;&#99;&#111;&#109;\">&#x72;o&#x64;&#111;&#64;&#x6e;&#111;&#x72;&#103;t&#x65;&#99;&#x68;&#45;i&#x6e;&#116;&#x2e;&#x63;o&#x6d;<\/a>[\/vc_column_text][\/vc_column][\/vc_row]<\/p>\n<\/div>","protected":false},"excerpt":{"rendered":"<p>[vc_row css=&#8221;.vc_custom_1676377691074{padding-top: 60px !important;padding-bottom: 10px !important;}&#8221;][vc_column css=&#8221;.vc_custom_1668674449168{padding-right: 20px !important;padding-left: 20px !important;}&#8221;][vc_column_text css=&#8221;.vc_custom_1677855587578{margin-top: -30px !important;margin-bottom: 20px !important;}&#8221; el_class=&#8221;hash4&#8243;] Polityka prywatno\u015bci Norgtech International [\/vc_column_text][\/vc_column][\/vc_row][vc_row full_width=&#8221;stretch_row&#8221; equal_height=&#8221;yes&#8221; content_placement=&#8221;middle&#8221; css=&#8221;.vc_custom_1675685467009{margin-top: 0px !important;padding-top: 0px !important;padding-bottom: 0px !important;}&#8221;][vc_column css=&#8221;.vc_custom_1675685369503{margin-top: 0px !important;padding-top: 22px !important;padding-right: 35px !important;padding-bottom: 22px !important;padding-left: 30px !important;}&#8221;][vc_separator color=&#8221;custom&#8221; align=&#8221;align_left&#8221; css=&#8221;.vc_custom_1676377676952{margin-bottom: 0px !important;padding-top: 0px !important;padding-bottom: 40px !important;}&#8221; accent_color=&#8221;#1f84c9&#8243;][vc_column_text css=&#8221;&#8221;]Drodzy Klienci,&hellip;<\/p>\n","protected":false},"author":1,"featured_media":0,"parent":0,"menu_order":0,"comment_status":"closed","ping_status":"open","template":"","meta":{"footnotes":""},"class_list":["post-780","page","type-page","status-publish","hentry","description-off"],"_links":{"self":[{"href":"https:\/\/norgtech-int.com\/pl\/wp-json\/wp\/v2\/pages\/780","targetHints":{"allow":["GET"]}}],"collection":[{"href":"https:\/\/norgtech-int.com\/pl\/wp-json\/wp\/v2\/pages"}],"about":[{"href":"https:\/\/norgtech-int.com\/pl\/wp-json\/wp\/v2\/types\/page"}],"author":[{"embeddable":true,"href":"https:\/\/norgtech-int.com\/pl\/wp-json\/wp\/v2\/users\/1"}],"replies":[{"embeddable":true,"href":"https:\/\/norgtech-int.com\/pl\/wp-json\/wp\/v2\/comments?post=780"}],"version-history":[{"count":12,"href":"https:\/\/norgtech-int.com\/pl\/wp-json\/wp\/v2\/pages\/780\/revisions"}],"predecessor-version":[{"id":1819,"href":"https:\/\/norgtech-int.com\/pl\/wp-json\/wp\/v2\/pages\/780\/revisions\/1819"}],"wp:attachment":[{"href":"https:\/\/norgtech-int.com\/pl\/wp-json\/wp\/v2\/media?parent=780"}],"curies":[{"name":"wp","href":"https:\/\/api.w.org\/{rel}","templated":true}]}}