{"id":946,"date":"2023-03-02T14:05:02","date_gmt":"2023-03-02T14:05:02","guid":{"rendered":"https:\/\/norgtech-int.com\/wind-turbine-services-on-request\/"},"modified":"2025-02-13T13:15:26","modified_gmt":"2025-02-13T13:15:26","slug":"inne-uslugi-serwisowe","status":"publish","type":"page","link":"https:\/\/norgtech-int.com\/pl\/inne-uslugi-serwisowe\/","title":{"rendered":"Inne us\u0142ugi serwisowe"},"content":{"rendered":"<div class=\"wpb-content-wrapper\"><p>[vc_row full_width=&#8221;stretch_row&#8221; equal_height=&#8221;yes&#8221; content_placement=&#8221;middle&#8221; css=&#8221;.vc_custom_1675685467009{margin-top: 0px !important;padding-top: 0px !important;padding-bottom: 0px !important;}&#8221;][vc_column width=&#8221;1\/2&#8243; css=&#8221;.vc_custom_1675685369503{margin-top: 0px !important;padding-top: 22px !important;padding-right: 35px !important;padding-bottom: 22px !important;padding-left: 30px !important;}&#8221;][vc_separator color=&#8221;custom&#8221; align=&#8221;align_left&#8221; css=&#8221;.vc_custom_1675686882984{margin-bottom: 0px !important;padding-top: 0px !important;padding-bottom: 0px !important;}&#8221; accent_color=&#8221;#1f84c9&#8243;][vc_column_text css=&#8221;.vc_custom_1679666669000{margin-bottom: 25px !important;padding-top: 30px !important;}&#8221; el_class=&#8221;hash4&#8243;]<\/p>\n<h4 style=\"text-align: left;\">Us\u0142ugi serwisowania turbin wiatrowych<br \/>\n&#8211; wg wytycznych klienta<\/h4>\n<p>[\/vc_column_text][vc_column_text css=&#8221;&#8221;]W Norg Tech International rozumiemy, jak wa\u017cne jest dostosowanie naszych us\u0142ug do specyficznych wymaga\u0144 ka\u017cdego projektu. Niezale\u017cnie od tego, czy istnieje potrzeba us\u0142ug konserwacyjnych, naprawy, kontroli, czy modernizacji, zawsze opracowujemy kompleksowe rozwi\u0105zania, kt\u00f3re dostosowane s\u0105 do bud\u017cetu i harmonogramu Klienta.<\/p>\n<p>Nasz zesp\u00f3\u0142 ekspert\u00f3w posiada wiedz\u0119 i do\u015bwiadczenie, aby zapewni\u0107 najwy\u017cszy poziom us\u0142ug. Ka\u017cdy projekt, w kt\u00f3ry si\u0119 anga\u017cujemy dzia\u0142a z maksymaln\u0105 wydajno\u015bci\u0105 i rentowno\u015bci\u0105. Skontaktuj si\u0119 z nami ju\u017c dzi\u015b, aby zam\u00f3wi\u0107 dostosowane do potrzeb us\u0142ugi turbin wiatrowych, kt\u00f3re przynosz\u0105 rezultaty.[\/vc_column_text]<style type=\"text\/css\" data-type=\"the7_shortcodes-inline-css\">#default-btn-7023b01ffcacb7c0749d4aeac3ca5ce8.ico-right-side > i {\n  margin-right: 0px;\n  margin-left: 8px;\n}\n#default-btn-7023b01ffcacb7c0749d4aeac3ca5ce8 > i {\n  margin-right: 8px;\n}\n<\/style><a href=\"\/pl\/kontakt\/\" class=\"default-btn-shortcode dt-btn dt-btn-s link-hover-off btn-inline-left  vc_custom_1679583834657\" id=\"default-btn-7023b01ffcacb7c0749d4aeac3ca5ce8\"><span>Skontaktuj si\u0119 z nami teraz<\/span><\/a>[\/vc_column][vc_column width=&#8221;1\/2&#8243; css=&#8221;.vc_custom_1678434916693{padding-top: 30px !important;padding-right: 15% !important;padding-bottom: 10px !important;padding-left: 15% !important;background-image: url(https:\/\/norgtech-int.com\/wp-content\/uploads\/2023\/02\/wind-turbine-maintenance-services-poland.jpg?id=563) !important;background-position: center !important;background-repeat: no-repeat !important;background-size: cover !important;}&#8221; el_class=&#8221;bgima&#8221;][\/vc_column][\/vc_row][vc_row full_width=&#8221;stretch_row&#8221; equal_height=&#8221;yes&#8221; content_placement=&#8221;middle&#8221; css=&#8221;.vc_custom_1678294355456{padding-top: 0px !important;padding-bottom: 0px !important;}&#8221;][vc_column width=&#8221;1\/2&#8243; css=&#8221;.vc_custom_1675685383993{padding-top: 22px !important;padding-right: 35px !important;padding-bottom: 22px !important;padding-left: 35px !important;}&#8221; el_class=&#8221;vc_col-sm-push-6&#8243;][vc_separator color=&#8221;custom&#8221; align=&#8221;align_left&#8221; css=&#8221;.vc_custom_1675686882984{margin-bottom: 0px !important;padding-top: 0px !important;padding-bottom: 0px !important;}&#8221; accent_color=&#8221;#1f84c9&#8243;][vc_column_text css=&#8221;.vc_custom_1679572186649{margin-bottom: 25px !important;padding-top: 30px !important;}&#8221; el_class=&#8221;hash4&#8243;]<\/p>\n<h4 style=\"text-align: left;\">Us\u0142ugi serwisowe<\/h4>\n<p>[\/vc_column_text][vc_column_text]Norg Tech International oferuje szeroki zakres us\u0142ug serwisowych. Niewykonanie w\u0142a\u015bciwej konserwacji mo\u017ce spowodowa\u0107 przestoje, zmniejszenie mocy wyj\u015bciowej i kosztowne naprawy. Us\u0142ugi konserwacyjne mog\u0105 obejmowa\u0107 napraw\u0119 \u0142opat, napraw\u0119 generatora i konserwacj\u0119 uk\u0142adu elektrycznego, z kt\u00f3rych wszystkie s\u0105 niezb\u0119dne do utrzymania turbin wiatrowych.<\/p>\n<p>Bez regularnej konserwacji drobne problemy mog\u0105 szybko przekszta\u0142ci\u0107 si\u0119 w powa\u017cne problemy, potencjalnie prowadz\u0105c do kosztownych przestoj\u00f3w i utraty przychod\u00f3w. Inwestuj\u0105c w us\u0142ugi serwisowe Norg Tech International, mo\u017cesz zapewni\u0107, \u017ce Twoje turbiny wiatrowe dzia\u0142aj\u0105 na optymalnym poziomie, maksymalizuj\u0105c wydajno\u015b\u0107 i rentowno\u015b\u0107.[\/vc_column_text][\/vc_column][vc_column width=&#8221;1\/2&#8243; css=&#8221;.vc_custom_1690553101988{background-image: url(https:\/\/norgtech-int.com\/wp-content\/uploads\/2023\/07\/20180111_150233-scaled.jpg?id=1277) !important;background-position: center !important;background-repeat: no-repeat !important;background-size: cover !important;}&#8221; el_class=&#8221;vc_col-sm-pull-6 bgima&#8221;][\/vc_column][\/vc_row][vc_row full_width=&#8221;stretch_row&#8221; equal_height=&#8221;yes&#8221; content_placement=&#8221;middle&#8221; css=&#8221;.vc_custom_1675685467009{margin-top: 0px !important;padding-top: 0px !important;padding-bottom: 0px !important;}&#8221;][vc_column width=&#8221;1\/2&#8243; css=&#8221;.vc_custom_1675685369503{margin-top: 0px !important;padding-top: 22px !important;padding-right: 35px !important;padding-bottom: 22px !important;padding-left: 30px !important;}&#8221;][vc_separator color=&#8221;custom&#8221; align=&#8221;align_left&#8221; css=&#8221;.vc_custom_1675686882984{margin-bottom: 0px !important;padding-top: 0px !important;padding-bottom: 0px !important;}&#8221; accent_color=&#8221;#1f84c9&#8243;][vc_column_text css=&#8221;.vc_custom_1679572265288{margin-bottom: 25px !important;padding-top: 30px !important;}&#8221; el_class=&#8221;hash4&#8243;]<\/p>\n<h4 style=\"text-align: left;\">Us\u0142ugi naprawcze<\/h4>\n<p>[\/vc_column_text][vc_column_text]W zakresie us\u0142ug naprawczych turbin wiatrowych Norg Tech International jest r\u00f3wnie\u017c Twoim partnerem. Us\u0142ugi natychmiastowej naprawy turbin wiatrowych maj\u0105 kluczowe znaczenie dla dzia\u0142ania i rentowno\u015bci turbin wiatrowych. Us\u0142ugi te mog\u0105 obejmowa\u0107 zar\u00f3wno drobne naprawy, takie jak naprawa uszkodzonego ostrza lub wymiana wadliwego czujnika, jak i powa\u017cne naprawy, takie jak wymiana generatora lub skrzyni bieg\u00f3w.<\/p>\n<p>Brak szybkiego i skutecznego rozwi\u0105zania problem\u00f3w mo\u017ce spowodowa\u0107 kosztowne przestoje i zmniejszenie mocy wyj\u015bciowej. Inwestuj\u0105c w profesjonalne us\u0142ugi naprawy turbin wiatrowych Norg Tech International, mo\u017cesz szybko i skutecznie rozwi\u0105za\u0107 wszelkie problemy z turbinami, zapewniaj\u0105c maksymalny czas pracy i moc wyj\u015bciow\u0105.[\/vc_column_text][\/vc_column][vc_column width=&#8221;1\/2&#8243; css=&#8221;.vc_custom_1678434963994{padding-top: 30px !important;padding-right: 15% !important;padding-bottom: 10px !important;padding-left: 15% !important;background-image: url(https:\/\/norgtech-int.com\/wp-content\/uploads\/2023\/02\/PHOTO-2023-02-08-14-18-40.jpg?id=710) !important;background-position: center !important;background-repeat: no-repeat !important;background-size: cover !important;}&#8221; el_class=&#8221;bgima&#8221;][\/vc_column][\/vc_row][vc_row full_width=&#8221;stretch_row&#8221; equal_height=&#8221;yes&#8221; content_placement=&#8221;middle&#8221; css=&#8221;.vc_custom_1678294355456{padding-top: 0px !important;padding-bottom: 0px !important;}&#8221;][vc_column width=&#8221;1\/2&#8243; css=&#8221;.vc_custom_1675685383993{padding-top: 22px !important;padding-right: 35px !important;padding-bottom: 22px !important;padding-left: 35px !important;}&#8221; el_class=&#8221;vc_col-sm-push-6&#8243;][vc_separator color=&#8221;custom&#8221; align=&#8221;align_left&#8221; css=&#8221;.vc_custom_1675686882984{margin-bottom: 0px !important;padding-top: 0px !important;padding-bottom: 0px !important;}&#8221; accent_color=&#8221;#1f84c9&#8243;][vc_column_text css=&#8221;.vc_custom_1679572332912{margin-bottom: 25px !important;padding-top: 30px !important;}&#8221; el_class=&#8221;hash4&#8243;]<\/p>\n<h4 style=\"text-align: left;\">Us\u0142ugi inspekcyjne<\/h4>\n<p>[\/vc_column_text][vc_column_text]Norg Tech International \u015bwiadczy r\u00f3wnie\u017c us\u0142ugi inspekcyjne. Turbiny wiatrowe to z\u0142o\u017cone systemy, kt\u00f3re wymagaj\u0105 regularnych przegl\u0105d\u00f3w w celu zapewnienia ich ci\u0105g\u0142ej, bezpiecznej i wydajnej pracy. Us\u0142ugi inspekcyjne s\u0105 niezb\u0119dne do identyfikacji potencjalnych problem\u00f3w, kt\u00f3re mog\u0105 mie\u0107 wp\u0142yw na wydajno\u015b\u0107 i bezpiecze\u0144stwo turbin wiatrowych.<\/p>\n<p>Wykrywaj\u0105c te problemy na wczesnym etapie, mo\u017cna zapobiec wi\u0119kszym uszkodzeniom i kosztownym przestojom. Ponadto Norg Tech International mo\u017ce pom\u00f3c Ci zapewni\u0107, \u017ce Twoje turbiny wiatrowe dzia\u0142aj\u0105 bezpiecznie na optymalnym poziomie.[\/vc_column_text][\/vc_column][vc_column width=&#8221;1\/2&#8243; css=&#8221;.vc_custom_1678434995252{background-image: url(https:\/\/norgtech-int.com\/wp-content\/uploads\/2023\/02\/c005f413-474c-4318-96bc-84e8fe3026b5.jpg?id=324) !important;background-position: center !important;background-repeat: no-repeat !important;background-size: cover !important;}&#8221; el_class=&#8221;vc_col-sm-pull-6 bgima&#8221;][\/vc_column][\/vc_row][vc_row full_width=&#8221;stretch_row&#8221; equal_height=&#8221;yes&#8221; content_placement=&#8221;middle&#8221; css=&#8221;.vc_custom_1675685467009{margin-top: 0px !important;padding-top: 0px !important;padding-bottom: 0px !important;}&#8221;][vc_column width=&#8221;1\/2&#8243; css=&#8221;.vc_custom_1675685369503{margin-top: 0px !important;padding-top: 22px !important;padding-right: 35px !important;padding-bottom: 22px !important;padding-left: 30px !important;}&#8221;][vc_separator color=&#8221;custom&#8221; align=&#8221;align_left&#8221; css=&#8221;.vc_custom_1675686882984{margin-bottom: 0px !important;padding-top: 0px !important;padding-bottom: 0px !important;}&#8221; accent_color=&#8221;#1f84c9&#8243;][vc_column_text css=&#8221;.vc_custom_1679666526837{margin-bottom: 25px !important;padding-top: 30px !important;}&#8221; el_class=&#8221;hash4&#8243;]<\/p>\n<h4 style=\"text-align: left;\">Us\u0142ugi modernizacji<\/h4>\n<p>[\/vc_column_text][vc_column_text]W razie potrzeby Norg Tech International mo\u017ce r\u00f3wnie\u017c pom\u00f3c w r\u00f3\u017cnych aktualizacjach i us\u0142ugach modernizacyjnych. Modernizacje i us\u0142ugi modernizacyjne mog\u0105 pom\u00f3c zmaksymalizowa\u0107 wydajno\u015b\u0107 i \u017cywotno\u015b\u0107 istniej\u0105cych turbin wiatrowych. Przestarza\u0142e komponenty mo\u017cna zast\u0105pi\u0107 nowszymi, bardziej wydajnymi, co skutkuje zwi\u0119kszon\u0105 produkcj\u0105 energii.<\/p>\n<p>Ponadto us\u0142ugi Norg Tech International mog\u0105 pom\u00f3c w zapewnieniu zgodno\u015bci z nowymi przepisami i normami, a tak\u017ce w poprawie bezpiecze\u0144stwa i niezawodno\u015bci turbin wiatrowych. Inwestowanie w modernizacj\u0119 i modernizacj\u0119 jest op\u0142acalnym sposobem na zwi\u0119kszenie wydajno\u015bci istniej\u0105cych turbin wiatrowych i zapewnienie ich optymalnego dzia\u0142ania.[\/vc_column_text][\/vc_column][vc_column width=&#8221;1\/2&#8243; css=&#8221;.vc_custom_1678435021280{padding-top: 30px !important;padding-right: 15% !important;padding-bottom: 10px !important;padding-left: 15% !important;background-image: url(https:\/\/norgtech-int.com\/wp-content\/uploads\/2023\/02\/PHOTO-2023-02-08-14-18-42.jpg?id=712) !important;background-position: center !important;background-repeat: no-repeat !important;background-size: cover !important;}&#8221; el_class=&#8221;bgima&#8221;][\/vc_column][\/vc_row][vc_row full_width=&#8221;stretch_row&#8221; equal_height=&#8221;yes&#8221; content_placement=&#8221;middle&#8221; css=&#8221;.vc_custom_1678294679346{padding-top: 0px !important;padding-bottom: 0px !important;}&#8221;][vc_column width=&#8221;1\/2&#8243; css=&#8221;.vc_custom_1678436359374{margin-top: 0px !important;padding-top: 22px !important;padding-right: 35px !important;padding-bottom: 22px !important;padding-left: 25px !important;}&#8221; el_class=&#8221;vc_col-sm-push-6&#8243;][vc_separator color=&#8221;custom&#8221; align=&#8221;align_left&#8221; css=&#8221;.vc_custom_1675686882984{margin-bottom: 0px !important;padding-top: 0px !important;padding-bottom: 0px !important;}&#8221; accent_color=&#8221;#1f84c9&#8243;][vc_column_text css=&#8221;.vc_custom_1679572558604{margin-bottom: 25px !important;padding-top: 30px !important;}&#8221; el_class=&#8221;hash4&#8243;]<\/p>\n<h4 style=\"text-align: left;\">Skontaktuj si\u0119 z nami!<\/h4>\n<p>[\/vc_column_text][vc_column_text css=&#8221;.vc_custom_1679572586149{margin-top: 0px !important;margin-bottom: 20px !important;padding-top: 0px !important;padding-bottom: 0px !important;}&#8221;]Skontaktuj si\u0119 z nami ju\u017c dzi\u015b, aby zaplanowa\u0107 przegl\u0105d, konserwacj\u0119, naprawy lub modernizacje i modernizacj\u0119. Nasz zesp\u00f3\u0142 ekspert\u00f3w jest gotowy, aby zapewni\u0107, \u017ce Tw\u00f3j projekt energii wiatrowej dzia\u0142a z maksymaln\u0105 wydajno\u015bci\u0105 i rentowno\u015bci\u0105.<br \/>\nZam\u00f3w nasze us\u0142ugi ju\u017c teraz i pozw\u00f3l nam pom\u00f3c Ci osi\u0105gn\u0105\u0107 Twoje cele w zakresie energii odnawialnej.<\/p>\n<p>[\/vc_column_text]<style type=\"text\/css\" data-type=\"the7_shortcodes-inline-css\">#default-btn-9f46fffc30a67fca6340c2f38451a98f.ico-right-side > i {\n  margin-right: 0px;\n  margin-left: 8px;\n}\n#default-btn-9f46fffc30a67fca6340c2f38451a98f > i {\n  margin-right: 8px;\n}\n<\/style><a href=\"\/pl\/kontakt\/\" class=\"default-btn-shortcode dt-btn dt-btn-s link-hover-off btn-inline-left  vc_custom_1679583842592\" id=\"default-btn-9f46fffc30a67fca6340c2f38451a98f\"><span>Skontaktuj si\u0119 z nami teraz<\/span><\/a>[\/vc_column][vc_column width=&#8221;1\/2&#8243; css=&#8221;.vc_custom_1678436348745{background-image: url(https:\/\/norgtech-int.com\/wp-content\/uploads\/2023\/03\/1a766613-bf54-4fd1-9b39-324363672634bb.jpg?id=617) !important;background-position: center !important;background-repeat: no-repeat !important;background-size: cover !important;}&#8221; el_class=&#8221;vc_col-sm-pull-6 bgima&#8221;][\/vc_column][\/vc_row]<\/p>\n<\/div>","protected":false},"excerpt":{"rendered":"<p>[vc_row full_width=&#8221;stretch_row&#8221; equal_height=&#8221;yes&#8221; content_placement=&#8221;middle&#8221; css=&#8221;.vc_custom_1675685467009{margin-top: 0px !important;padding-top: 0px !important;padding-bottom: 0px !important;}&#8221;][vc_column width=&#8221;1\/2&#8243; css=&#8221;.vc_custom_1675685369503{margin-top: 0px !important;padding-top: 22px !important;padding-right: 35px !important;padding-bottom: 22px !important;padding-left: 30px !important;}&#8221;][vc_separator color=&#8221;custom&#8221; align=&#8221;align_left&#8221; css=&#8221;.vc_custom_1675686882984{margin-bottom: 0px !important;padding-top: 0px !important;padding-bottom: 0px !important;}&#8221; accent_color=&#8221;#1f84c9&#8243;][vc_column_text css=&#8221;.vc_custom_1679666669000{margin-bottom: 25px !important;padding-top: 30px !important;}&#8221; el_class=&#8221;hash4&#8243;] Us\u0142ugi serwisowania turbin wiatrowych &#8211; wg wytycznych klienta [\/vc_column_text][vc_column_text css=&#8221;&#8221;]W Norg Tech International rozumiemy, jak wa\u017cne&hellip;<\/p>\n","protected":false},"author":1,"featured_media":0,"parent":0,"menu_order":0,"comment_status":"closed","ping_status":"open","template":"","meta":{"footnotes":""},"class_list":["post-946","page","type-page","status-publish","hentry","description-off"],"_links":{"self":[{"href":"https:\/\/norgtech-int.com\/pl\/wp-json\/wp\/v2\/pages\/946","targetHints":{"allow":["GET"]}}],"collection":[{"href":"https:\/\/norgtech-int.com\/pl\/wp-json\/wp\/v2\/pages"}],"about":[{"href":"https:\/\/norgtech-int.com\/pl\/wp-json\/wp\/v2\/types\/page"}],"author":[{"embeddable":true,"href":"https:\/\/norgtech-int.com\/pl\/wp-json\/wp\/v2\/users\/1"}],"replies":[{"embeddable":true,"href":"https:\/\/norgtech-int.com\/pl\/wp-json\/wp\/v2\/comments?post=946"}],"version-history":[{"count":13,"href":"https:\/\/norgtech-int.com\/pl\/wp-json\/wp\/v2\/pages\/946\/revisions"}],"predecessor-version":[{"id":1763,"href":"https:\/\/norgtech-int.com\/pl\/wp-json\/wp\/v2\/pages\/946\/revisions\/1763"}],"wp:attachment":[{"href":"https:\/\/norgtech-int.com\/pl\/wp-json\/wp\/v2\/media?parent=946"}],"curies":[{"name":"wp","href":"https:\/\/api.w.org\/{rel}","templated":true}]}}